{"id":41225,"date":"2021-04-01T14:34:34","date_gmt":"2022-05-09T05:49:39","guid":{"rendered":"https:\/\/www.leriff.ch\/produit\/gorilla-green-house\/"},"modified":"2022-05-09T05:49:39","modified_gmt":"2022-05-09T05:49:39","slug":"gorilla-green-house-2","status":"publish","type":"product","link":"https:\/\/www.leriff.ch\/it\/prodotto\/gorilla-green-house-2\/","title":{"rendered":"Gorilla | Green House"},"content":{"rendered":"<div class=\"column mcb-column mcb-item-59d12b192 one column_column\">\n<div class=\"column_attr clearfix align_left\">\n<h5>Primo produttore in Svizzera e in Europa di canapa acquaponica Gorilla CBD | Green House<\/h5>\n<\/div>\n<\/div>\n<div class=\"column mcb-column mcb-item-vpdatyiu0 one column_column\">\n<div class=\"column_attr clearfix align_justify mobile_align_justify\">\n<p>La nostra <strong>Gorilla CBD Green House<\/strong> \u00e8 il risultato di una perfetta armonia tra la tecnologia e un metodo di coltivazione ancestrale ed ecologico. Abbiamo padroneggiato questa <b>coltura autonoma a ciclo chiuso<\/b> e l&#8217;abbiamo perfezionata fino ad ottenere un rendimento ottimale, grazie al controllo automatizzato di tutti i fattori, positivi e negativi. I fattori esterni negativi e gli <b>inquinanti<\/b> sono <b>esclusi<\/b>, poich\u00e9 produciamo in un ambiente contenuto, protetto e completamente controllato. Il risultato \u00e8 una pianta di <b>qualit\u00e0 eccezionale<\/b> che conserva tutto il suo sapore e i suoi cannabinoidi.<\/p>\n<\/div>\n<\/div>\n","protected":false},"excerpt":{"rendered":"<p>Un ibrido prevalentemente indica, la nostra variet\u00e0 ha un sapore fruttato e muschiato.<br \/>\nIl suo sapore \u00e8 molto forte e inconfondibile.<br \/>\nVi offrir\u00e0 un&#8217;esperienza unica e indimenticabile, che dovreste davvero scoprire.<\/p>\n<p>CBD : &lt;20%<br \/>\nTHC : &lt;1%<\/p>\n","protected":false},"featured_media":0,"comment_status":"closed","ping_status":"closed","template":"","meta":{"inline_featured_image":false},"product_brand":[],"product_cat":[2744,3069,3276],"product_tag":[],"class_list":{"0":"post-41225","1":"product","2":"type-product","3":"status-publish","5":"product_cat-fiori-di-cbd","6":"product_cat-green-house-it","7":"product_cat-green-house-it-2","8":"pa_marque-cymbiosed-it","10":"first","11":"outofstock","12":"shipping-taxable","13":"purchasable","14":"product-type-simple"},"yoast_head":"<!-- This site is optimized with the Yoast SEO Premium plugin v25.9 (Yoast SEO v27.4) - https:\/\/yoast.com\/product\/yoast-seo-premium-wordpress\/ -->\n<title>Gorilla | Green House - Fiori CBD Svizzera - Le Riff<\/title>\n<meta name=\"description\" content=\"Un ibrido prevalentemente indica, la nostra variet\u00e0 ha un sapore fruttato e muschiato. Il suo sapore \u00e8 molto forte e inconfondibile.\" \/>\n<meta name=\"robots\" content=\"index, follow, max-snippet:-1, max-image-preview:large, max-video-preview:-1\" \/>\n<link rel=\"canonical\" href=\"https:\/\/www.leriff.ch\/it\/prodotto\/gorilla-green-house-2\/\" \/>\n<meta property=\"og:locale\" content=\"it_IT\" \/>\n<meta property=\"og:type\" content=\"article\" \/>\n<meta property=\"og:title\" content=\"Gorilla | Green House\" \/>\n<meta property=\"og:description\" content=\"Un ibrido prevalentemente indica, la nostra variet\u00e0 ha un sapore fruttato e muschiato. Il suo sapore \u00e8 molto forte e inconfondibile.\" \/>\n<meta property=\"og:url\" content=\"https:\/\/www.leriff.ch\/it\/prodotto\/gorilla-green-house-2\/\" \/>\n<meta property=\"og:site_name\" content=\"Le Riff\" \/>\n<meta property=\"article:publisher\" content=\"https:\/\/www.facebook.com\/Leriff.ch\" \/>\n<meta name=\"twitter:card\" content=\"summary_large_image\" \/>\n<meta name=\"twitter:label1\" content=\"Tempo di lettura stimato\" \/>\n\t<meta name=\"twitter:data1\" content=\"1 minuto\" \/>\n<script type=\"application\/ld+json\" class=\"yoast-schema-graph\">{\"@context\":\"https:\\\/\\\/schema.org\",\"@graph\":[{\"@type\":\"WebPage\",\"@id\":\"https:\\\/\\\/www.leriff.ch\\\/it\\\/prodotto\\\/gorilla-green-house-2\\\/\",\"url\":\"https:\\\/\\\/www.leriff.ch\\\/it\\\/prodotto\\\/gorilla-green-house-2\\\/\",\"name\":\"Gorilla | Green House - Fiori CBD Svizzera - Le Riff\",\"isPartOf\":{\"@id\":\"https:\\\/\\\/www.leriff.ch\\\/it\\\/#website\"},\"datePublished\":\"2022-05-09T05:49:39+00:00\",\"description\":\"Un ibrido prevalentemente indica, la nostra variet\u00e0 ha un sapore fruttato e muschiato. Il suo sapore \u00e8 molto forte e inconfondibile.\",\"breadcrumb\":{\"@id\":\"https:\\\/\\\/www.leriff.ch\\\/it\\\/prodotto\\\/gorilla-green-house-2\\\/#breadcrumb\"},\"inLanguage\":\"it-IT\",\"potentialAction\":[{\"@type\":\"ReadAction\",\"target\":[\"https:\\\/\\\/www.leriff.ch\\\/it\\\/prodotto\\\/gorilla-green-house-2\\\/\"]}]},{\"@type\":\"BreadcrumbList\",\"@id\":\"https:\\\/\\\/www.leriff.ch\\\/it\\\/prodotto\\\/gorilla-green-house-2\\\/#breadcrumb\",\"itemListElement\":[{\"@type\":\"ListItem\",\"position\":1,\"name\":\"Accueil\",\"item\":\"https:\\\/\\\/www.leriff.ch\\\/it\\\/\"},{\"@type\":\"ListItem\",\"position\":2,\"name\":\"Negozio\",\"item\":\"https:\\\/\\\/www.leriff.ch\\\/it\\\/negozio\\\/\"},{\"@type\":\"ListItem\",\"position\":3,\"name\":\"Fiori di CBD\",\"item\":\"https:\\\/\\\/www.leriff.ch\\\/it\\\/categorie-produit\\\/fiori-di-cbd\\\/\"},{\"@type\":\"ListItem\",\"position\":4,\"name\":\"Green House\",\"item\":\"https:\\\/\\\/www.leriff.ch\\\/it\\\/categorie-produit\\\/fiori-di-cbd\\\/green-house-it-2\\\/\"},{\"@type\":\"ListItem\",\"position\":5,\"name\":\"Gorilla | Green House\"}]},{\"@type\":\"WebSite\",\"@id\":\"https:\\\/\\\/www.leriff.ch\\\/it\\\/#website\",\"url\":\"https:\\\/\\\/www.leriff.ch\\\/it\\\/\",\"name\":\"Le Riff\",\"description\":\"Fleurs de Cannabis CBD\",\"publisher\":{\"@id\":\"https:\\\/\\\/www.leriff.ch\\\/it\\\/#organization\"},\"potentialAction\":[{\"@type\":\"SearchAction\",\"target\":{\"@type\":\"EntryPoint\",\"urlTemplate\":\"https:\\\/\\\/www.leriff.ch\\\/it\\\/?s={search_term_string}\"},\"query-input\":{\"@type\":\"PropertyValueSpecification\",\"valueRequired\":true,\"valueName\":\"search_term_string\"}}],\"inLanguage\":\"it-IT\"},{\"@type\":\"Organization\",\"@id\":\"https:\\\/\\\/www.leriff.ch\\\/it\\\/#organization\",\"name\":\"le riff\",\"url\":\"https:\\\/\\\/www.leriff.ch\\\/it\\\/\",\"logo\":{\"@type\":\"ImageObject\",\"inLanguage\":\"it-IT\",\"@id\":\"https:\\\/\\\/www.leriff.ch\\\/it\\\/#\\\/schema\\\/logo\\\/image\\\/\",\"url\":\"https:\\\/\\\/www.leriff.ch\\\/wp-content\\\/uploads\\\/2019\\\/10\\\/logo_carre.png\",\"contentUrl\":\"https:\\\/\\\/www.leriff.ch\\\/wp-content\\\/uploads\\\/2019\\\/10\\\/logo_carre.png\",\"width\":130,\"height\":130,\"caption\":\"le riff\"},\"image\":{\"@id\":\"https:\\\/\\\/www.leriff.ch\\\/it\\\/#\\\/schema\\\/logo\\\/image\\\/\"},\"sameAs\":[\"https:\\\/\\\/www.facebook.com\\\/Leriff.ch\"]}]}<\/script>\n<!-- \/ Yoast SEO Premium plugin. -->","yoast_head_json":{"title":"Gorilla | Green House - Fiori CBD Svizzera - Le Riff","description":"Un ibrido prevalentemente indica, la nostra variet\u00e0 ha un sapore fruttato e muschiato. Il suo sapore \u00e8 molto forte e inconfondibile.","robots":{"index":"index","follow":"follow","max-snippet":"max-snippet:-1","max-image-preview":"max-image-preview:large","max-video-preview":"max-video-preview:-1"},"canonical":"https:\/\/www.leriff.ch\/it\/prodotto\/gorilla-green-house-2\/","og_locale":"it_IT","og_type":"article","og_title":"Gorilla | Green House","og_description":"Un ibrido prevalentemente indica, la nostra variet\u00e0 ha un sapore fruttato e muschiato. Il suo sapore \u00e8 molto forte e inconfondibile.","og_url":"https:\/\/www.leriff.ch\/it\/prodotto\/gorilla-green-house-2\/","og_site_name":"Le Riff","article_publisher":"https:\/\/www.facebook.com\/Leriff.ch","twitter_card":"summary_large_image","twitter_misc":{"Tempo di lettura stimato":"1 minuto"},"schema":{"@context":"https:\/\/schema.org","@graph":[{"@type":"WebPage","@id":"https:\/\/www.leriff.ch\/it\/prodotto\/gorilla-green-house-2\/","url":"https:\/\/www.leriff.ch\/it\/prodotto\/gorilla-green-house-2\/","name":"Gorilla | Green House - Fiori CBD Svizzera - Le Riff","isPartOf":{"@id":"https:\/\/www.leriff.ch\/it\/#website"},"datePublished":"2022-05-09T05:49:39+00:00","description":"Un ibrido prevalentemente indica, la nostra variet\u00e0 ha un sapore fruttato e muschiato. Il suo sapore \u00e8 molto forte e inconfondibile.","breadcrumb":{"@id":"https:\/\/www.leriff.ch\/it\/prodotto\/gorilla-green-house-2\/#breadcrumb"},"inLanguage":"it-IT","potentialAction":[{"@type":"ReadAction","target":["https:\/\/www.leriff.ch\/it\/prodotto\/gorilla-green-house-2\/"]}]},{"@type":"BreadcrumbList","@id":"https:\/\/www.leriff.ch\/it\/prodotto\/gorilla-green-house-2\/#breadcrumb","itemListElement":[{"@type":"ListItem","position":1,"name":"Accueil","item":"https:\/\/www.leriff.ch\/it\/"},{"@type":"ListItem","position":2,"name":"Negozio","item":"https:\/\/www.leriff.ch\/it\/negozio\/"},{"@type":"ListItem","position":3,"name":"Fiori di CBD","item":"https:\/\/www.leriff.ch\/it\/categorie-produit\/fiori-di-cbd\/"},{"@type":"ListItem","position":4,"name":"Green House","item":"https:\/\/www.leriff.ch\/it\/categorie-produit\/fiori-di-cbd\/green-house-it-2\/"},{"@type":"ListItem","position":5,"name":"Gorilla | Green House"}]},{"@type":"WebSite","@id":"https:\/\/www.leriff.ch\/it\/#website","url":"https:\/\/www.leriff.ch\/it\/","name":"Le Riff","description":"Fleurs de Cannabis CBD","publisher":{"@id":"https:\/\/www.leriff.ch\/it\/#organization"},"potentialAction":[{"@type":"SearchAction","target":{"@type":"EntryPoint","urlTemplate":"https:\/\/www.leriff.ch\/it\/?s={search_term_string}"},"query-input":{"@type":"PropertyValueSpecification","valueRequired":true,"valueName":"search_term_string"}}],"inLanguage":"it-IT"},{"@type":"Organization","@id":"https:\/\/www.leriff.ch\/it\/#organization","name":"le riff","url":"https:\/\/www.leriff.ch\/it\/","logo":{"@type":"ImageObject","inLanguage":"it-IT","@id":"https:\/\/www.leriff.ch\/it\/#\/schema\/logo\/image\/","url":"https:\/\/www.leriff.ch\/wp-content\/uploads\/2019\/10\/logo_carre.png","contentUrl":"https:\/\/www.leriff.ch\/wp-content\/uploads\/2019\/10\/logo_carre.png","width":130,"height":130,"caption":"le riff"},"image":{"@id":"https:\/\/www.leriff.ch\/it\/#\/schema\/logo\/image\/"},"sameAs":["https:\/\/www.facebook.com\/Leriff.ch"]}]}},"_links":{"self":[{"href":"https:\/\/www.leriff.ch\/it\/wp-json\/wp\/v2\/product\/41225","targetHints":{"allow":["GET"]}}],"collection":[{"href":"https:\/\/www.leriff.ch\/it\/wp-json\/wp\/v2\/product"}],"about":[{"href":"https:\/\/www.leriff.ch\/it\/wp-json\/wp\/v2\/types\/product"}],"replies":[{"embeddable":true,"href":"https:\/\/www.leriff.ch\/it\/wp-json\/wp\/v2\/comments?post=41225"}],"wp:attachment":[{"href":"https:\/\/www.leriff.ch\/it\/wp-json\/wp\/v2\/media?parent=41225"}],"wp:term":[{"taxonomy":"product_brand","embeddable":true,"href":"https:\/\/www.leriff.ch\/it\/wp-json\/wp\/v2\/product_brand?post=41225"},{"taxonomy":"product_cat","embeddable":true,"href":"https:\/\/www.leriff.ch\/it\/wp-json\/wp\/v2\/product_cat?post=41225"},{"taxonomy":"product_tag","embeddable":true,"href":"https:\/\/www.leriff.ch\/it\/wp-json\/wp\/v2\/product_tag?post=41225"}],"curies":[{"name":"wp","href":"https:\/\/api.w.org\/{rel}","templated":true}]}}