{"id":41305,"date":"2014-05-09T13:41:38","date_gmt":"2022-05-09T15:19:24","guid":{"rendered":"https:\/\/www.leriff.ch\/produit\/uwell-valyrian-iii-kit\/"},"modified":"2022-05-09T15:52:16","modified_gmt":"2022-05-09T15:52:16","slug":"uwell-valyrian-iii-kit-2","status":"publish","type":"product","link":"https:\/\/www.leriff.ch\/it\/prodotto\/uwell-valyrian-iii-kit-2\/","title":{"rendered":"Uwell Valyrian III Kit"},"content":{"rendered":"<p>Avec le kit Obelisk, Geek Vape apporte une solution innovante \u00e0 tous ceux qui pr\u00e9f\u00e8rent vaper plut\u00f4t que de regarder une batterie se charger. En fait, on pourrait m\u00eame dire regarder, car ce mod est tellement rapide que la batterie de 3700mAh est compl\u00e8tement charg\u00e9e en 15 minutes avec un adaptateur de charge rapide (20V) !Naturalmente, questo punto non \u00e8 stato solo raggiunto, \u00e8 stato superato: il serbatoio del Valyrian III pu\u00f2 essere alimentato fino a 120 watt, che \u00e8 sufficiente per i cloudchasers pi\u00f9 implacabili.<\/p>\n<p>Ma il serbatoio Valyrian III non solo produce vapore, ma sviluppa anche un sapore forte.<\/p>\n<p>Il meccanismo di riempimento \u00e8 tipico dei serbatoi Valyrian: al tocco di un pulsante, il coperchio del serbatoio si apre, permettendo di riempire il serbatoio da 6 ml in modo rapido e pulito.<\/p>\n<p>Affinch\u00e9 il divertimento non si fermi dopo 5 minuti, la batteria \u00e8 abbastanza potente. Con le 2 batterie 18650, sei pronto per lunghe sessioni di vaping e, a differenza del suo predecessore (3 batterie 18650), il Valyrian III \u00e8 molto pi\u00f9 facile da trasportare.<\/p>\n<p>Anche quando le batterie sono vuote, si ricaricano rapidamente tramite la porta USB-C.<\/p>\n<p>Naturalmente, tutto pu\u00f2 essere adattato ai tuoi desideri sul kit Uwell Valyrian III, compreso il display centrale minimalista che ti permette di regolare perfettamente la potenza e molto altro.<\/p>\n<p>Un piccolo drago che si abbina all&#8217;involucro esterno adorna la parte inferiore dello schermo.<\/p>\n<p>&nbsp;<\/p>\n<p>Dettagli :<\/p>\n<p>Dimensioni : 145.85mm x 52mm x 31.4mm<\/p>\n<p>Tecnica di stampa: DL<\/p>\n<p>volume di riempimento: 6ml<\/p>\n<p>Riempimento: dall&#8217;alto<\/p>\n<p>Flusso d&#8217;aria: continuamente regolabile<\/p>\n<p>Potenza di uscita: 5 &#8211; 200 watt<\/p>\n<p>Batterie: 2x 18650 ricaricabili (non incluse)<\/p>\n<p>Connessione: USB-C<\/p>\n<p>Contenuto della consegna<\/p>\n<p>1x Uwell Valyrian III vassoio della batteria<br \/>\n1 evaporatore Uwell Valyrian III<br \/>\n1x 0.32 Ohm UN2 Coil (pre-installato)<br \/>\n1x 0.14 Ohm UN2 Coil<br \/>\n1x guarnizioni di ricambio<br \/>\n1x manuale utente<\/p>\n<p>&nbsp;<\/p>\n<p>Garanzia del dispositivo: Offriamo una garanzia del produttore di 24 mesi, esclusa la normale usura, i danni dovuti all&#8217;ingresso di liquidi (condensa, liquido, acqua) e l&#8217;usura naturale. Per usufruire di questa garanzia del produttore, \u00e8 possibile restituire l&#8217;atomizzatore\/testine: Concediamo una garanzia di funzionamento sulle parti soggette a usura come i nebulizzatori, le teste dei nebulizzatori e gli anelli di tenuta quando vengono messi in servizio. Le schermature o le perdite non sono coperte dalla politica di garanzia.<\/p>\n<p>&nbsp;<\/p>\n<p>&nbsp;<\/p>\n","protected":false},"excerpt":{"rendered":"<p>L&#8217;Uwell Valyrian III non solo ha scaglie di drago, ma anche il potere di un drago.<\/p>\n<p>La serie Valyrian \u00e8 sempre stata rivolta ai cloudchasers dedicati, poich\u00e9 lo scopo principale del Valyrian III \u00e8 quello di produrre una grande quantit\u00e0 di vapore.<\/p>\n<p>&nbsp;<\/p>\n","protected":false},"featured_media":41295,"comment_status":"closed","ping_status":"closed","template":"","meta":{"inline_featured_image":false},"product_brand":[],"product_cat":[3300,3298],"product_tag":[],"class_list":{"0":"post-41305","1":"product","2":"type-product","3":"status-publish","4":"has-post-thumbnail","6":"product_cat-e-sigarette","7":"product_cat-sigarette-elettroniche","8":"pa_marque-uwell-it","10":"first","11":"instock","12":"shipping-taxable","13":"purchasable","14":"product-type-variable","15":"has-default-attributes"},"yoast_head":"<!-- This site is optimized with the Yoast SEO Premium plugin v25.9 (Yoast SEO v27.4) - https:\/\/yoast.com\/product\/yoast-seo-premium-wordpress\/ -->\n<title>Uwell Valyrian III Kit - Le Riff<\/title>\n<meta name=\"description\" content=\"L&#039;Uwell Valyrian III non solo ha scaglie di drago, ma anche il potere di un drago. La serie Valyrian \u00e8 sempre stata rivolta ai cloudchasers dedicati, poich\u00e9 lo scopo principale del Valyrian III \u00e8 quello di produrre una grande quantit\u00e0 di vapore.\" \/>\n<meta name=\"robots\" content=\"index, follow, max-snippet:-1, max-image-preview:large, max-video-preview:-1\" \/>\n<link rel=\"canonical\" href=\"https:\/\/www.leriff.ch\/it\/prodotto\/uwell-valyrian-iii-kit-2\/\" \/>\n<meta property=\"og:locale\" content=\"it_IT\" \/>\n<meta property=\"og:type\" content=\"article\" \/>\n<meta property=\"og:title\" content=\"Uwell Valyrian III Kit\" \/>\n<meta property=\"og:description\" content=\"L&#039;Uwell Valyrian III non solo ha scaglie di drago, ma anche il potere di un drago. La serie Valyrian \u00e8 sempre stata rivolta ai cloudchasers dedicati, poich\u00e9 lo scopo principale del Valyrian III \u00e8 quello di produrre una grande quantit\u00e0 di vapore.\" \/>\n<meta property=\"og:url\" content=\"https:\/\/www.leriff.ch\/it\/prodotto\/uwell-valyrian-iii-kit-2\/\" \/>\n<meta property=\"og:site_name\" content=\"Le Riff\" \/>\n<meta property=\"article:publisher\" content=\"https:\/\/www.facebook.com\/Leriff.ch\" \/>\n<meta property=\"article:modified_time\" content=\"2022-05-09T15:52:16+00:00\" \/>\n<meta property=\"og:image\" content=\"https:\/\/www.leriff.ch\/wp-content\/uploads\/2022\/05\/Uwell-Valyrian-III-Kit_midnight_full-colors.jpg\" \/>\n\t<meta property=\"og:image:width\" content=\"560\" \/>\n\t<meta property=\"og:image:height\" content=\"560\" \/>\n\t<meta property=\"og:image:type\" content=\"image\/jpeg\" \/>\n<meta name=\"twitter:card\" content=\"summary_large_image\" \/>\n<meta name=\"twitter:label1\" content=\"Tempo di lettura stimato\" \/>\n\t<meta name=\"twitter:data1\" content=\"2 minuti\" \/>\n<script type=\"application\/ld+json\" class=\"yoast-schema-graph\">{\"@context\":\"https:\\\/\\\/schema.org\",\"@graph\":[{\"@type\":\"WebPage\",\"@id\":\"https:\\\/\\\/www.leriff.ch\\\/it\\\/prodotto\\\/uwell-valyrian-iii-kit-2\\\/\",\"url\":\"https:\\\/\\\/www.leriff.ch\\\/it\\\/prodotto\\\/uwell-valyrian-iii-kit-2\\\/\",\"name\":\"Uwell Valyrian III Kit - Le Riff\",\"isPartOf\":{\"@id\":\"https:\\\/\\\/www.leriff.ch\\\/it\\\/#website\"},\"primaryImageOfPage\":{\"@id\":\"https:\\\/\\\/www.leriff.ch\\\/it\\\/prodotto\\\/uwell-valyrian-iii-kit-2\\\/#primaryimage\"},\"image\":{\"@id\":\"https:\\\/\\\/www.leriff.ch\\\/it\\\/prodotto\\\/uwell-valyrian-iii-kit-2\\\/#primaryimage\"},\"thumbnailUrl\":\"https:\\\/\\\/www.leriff.ch\\\/wp-content\\\/uploads\\\/2022\\\/05\\\/Uwell-Valyrian-III-Kit_midnight_full-colors.jpg\",\"datePublished\":\"2022-05-09T15:19:24+00:00\",\"dateModified\":\"2022-05-09T15:52:16+00:00\",\"description\":\"L'Uwell Valyrian III non solo ha scaglie di drago, ma anche il potere di un drago. La serie Valyrian \u00e8 sempre stata rivolta ai cloudchasers dedicati, poich\u00e9 lo scopo principale del Valyrian III \u00e8 quello di produrre una grande quantit\u00e0 di vapore.\",\"breadcrumb\":{\"@id\":\"https:\\\/\\\/www.leriff.ch\\\/it\\\/prodotto\\\/uwell-valyrian-iii-kit-2\\\/#breadcrumb\"},\"inLanguage\":\"it-IT\",\"potentialAction\":[{\"@type\":\"ReadAction\",\"target\":[\"https:\\\/\\\/www.leriff.ch\\\/it\\\/prodotto\\\/uwell-valyrian-iii-kit-2\\\/\"]}]},{\"@type\":\"ImageObject\",\"inLanguage\":\"it-IT\",\"@id\":\"https:\\\/\\\/www.leriff.ch\\\/it\\\/prodotto\\\/uwell-valyrian-iii-kit-2\\\/#primaryimage\",\"url\":\"https:\\\/\\\/www.leriff.ch\\\/wp-content\\\/uploads\\\/2022\\\/05\\\/Uwell-Valyrian-III-Kit_midnight_full-colors.jpg\",\"contentUrl\":\"https:\\\/\\\/www.leriff.ch\\\/wp-content\\\/uploads\\\/2022\\\/05\\\/Uwell-Valyrian-III-Kit_midnight_full-colors.jpg\",\"width\":560,\"height\":560},{\"@type\":\"BreadcrumbList\",\"@id\":\"https:\\\/\\\/www.leriff.ch\\\/it\\\/prodotto\\\/uwell-valyrian-iii-kit-2\\\/#breadcrumb\",\"itemListElement\":[{\"@type\":\"ListItem\",\"position\":1,\"name\":\"Accueil\",\"item\":\"https:\\\/\\\/www.leriff.ch\\\/it\\\/\"},{\"@type\":\"ListItem\",\"position\":2,\"name\":\"Negozio\",\"item\":\"https:\\\/\\\/www.leriff.ch\\\/it\\\/negozio\\\/\"},{\"@type\":\"ListItem\",\"position\":3,\"name\":\"Sigarette elettroniche\",\"item\":\"https:\\\/\\\/www.leriff.ch\\\/it\\\/categorie-produit\\\/sigarette-elettroniche\\\/\"},{\"@type\":\"ListItem\",\"position\":4,\"name\":\"E-Sigarette\",\"item\":\"https:\\\/\\\/www.leriff.ch\\\/it\\\/categorie-produit\\\/sigarette-elettroniche\\\/e-sigarette\\\/\"},{\"@type\":\"ListItem\",\"position\":5,\"name\":\"Uwell Valyrian III Kit\"}]},{\"@type\":\"WebSite\",\"@id\":\"https:\\\/\\\/www.leriff.ch\\\/it\\\/#website\",\"url\":\"https:\\\/\\\/www.leriff.ch\\\/it\\\/\",\"name\":\"Le Riff\",\"description\":\"Fleurs de Cannabis CBD\",\"publisher\":{\"@id\":\"https:\\\/\\\/www.leriff.ch\\\/it\\\/#organization\"},\"potentialAction\":[{\"@type\":\"SearchAction\",\"target\":{\"@type\":\"EntryPoint\",\"urlTemplate\":\"https:\\\/\\\/www.leriff.ch\\\/it\\\/?s={search_term_string}\"},\"query-input\":{\"@type\":\"PropertyValueSpecification\",\"valueRequired\":true,\"valueName\":\"search_term_string\"}}],\"inLanguage\":\"it-IT\"},{\"@type\":\"Organization\",\"@id\":\"https:\\\/\\\/www.leriff.ch\\\/it\\\/#organization\",\"name\":\"le riff\",\"url\":\"https:\\\/\\\/www.leriff.ch\\\/it\\\/\",\"logo\":{\"@type\":\"ImageObject\",\"inLanguage\":\"it-IT\",\"@id\":\"https:\\\/\\\/www.leriff.ch\\\/it\\\/#\\\/schema\\\/logo\\\/image\\\/\",\"url\":\"https:\\\/\\\/www.leriff.ch\\\/wp-content\\\/uploads\\\/2019\\\/10\\\/logo_carre.png\",\"contentUrl\":\"https:\\\/\\\/www.leriff.ch\\\/wp-content\\\/uploads\\\/2019\\\/10\\\/logo_carre.png\",\"width\":130,\"height\":130,\"caption\":\"le riff\"},\"image\":{\"@id\":\"https:\\\/\\\/www.leriff.ch\\\/it\\\/#\\\/schema\\\/logo\\\/image\\\/\"},\"sameAs\":[\"https:\\\/\\\/www.facebook.com\\\/Leriff.ch\"]}]}<\/script>\n<!-- \/ Yoast SEO Premium plugin. -->","yoast_head_json":{"title":"Uwell Valyrian III Kit - Le Riff","description":"L'Uwell Valyrian III non solo ha scaglie di drago, ma anche il potere di un drago. La serie Valyrian \u00e8 sempre stata rivolta ai cloudchasers dedicati, poich\u00e9 lo scopo principale del Valyrian III \u00e8 quello di produrre una grande quantit\u00e0 di vapore.","robots":{"index":"index","follow":"follow","max-snippet":"max-snippet:-1","max-image-preview":"max-image-preview:large","max-video-preview":"max-video-preview:-1"},"canonical":"https:\/\/www.leriff.ch\/it\/prodotto\/uwell-valyrian-iii-kit-2\/","og_locale":"it_IT","og_type":"article","og_title":"Uwell Valyrian III Kit","og_description":"L'Uwell Valyrian III non solo ha scaglie di drago, ma anche il potere di un drago. La serie Valyrian \u00e8 sempre stata rivolta ai cloudchasers dedicati, poich\u00e9 lo scopo principale del Valyrian III \u00e8 quello di produrre una grande quantit\u00e0 di vapore.","og_url":"https:\/\/www.leriff.ch\/it\/prodotto\/uwell-valyrian-iii-kit-2\/","og_site_name":"Le Riff","article_publisher":"https:\/\/www.facebook.com\/Leriff.ch","article_modified_time":"2022-05-09T15:52:16+00:00","og_image":[{"width":560,"height":560,"url":"https:\/\/www.leriff.ch\/wp-content\/uploads\/2022\/05\/Uwell-Valyrian-III-Kit_midnight_full-colors.jpg","type":"image\/jpeg"}],"twitter_card":"summary_large_image","twitter_misc":{"Tempo di lettura stimato":"2 minuti"},"schema":{"@context":"https:\/\/schema.org","@graph":[{"@type":"WebPage","@id":"https:\/\/www.leriff.ch\/it\/prodotto\/uwell-valyrian-iii-kit-2\/","url":"https:\/\/www.leriff.ch\/it\/prodotto\/uwell-valyrian-iii-kit-2\/","name":"Uwell Valyrian III Kit - Le Riff","isPartOf":{"@id":"https:\/\/www.leriff.ch\/it\/#website"},"primaryImageOfPage":{"@id":"https:\/\/www.leriff.ch\/it\/prodotto\/uwell-valyrian-iii-kit-2\/#primaryimage"},"image":{"@id":"https:\/\/www.leriff.ch\/it\/prodotto\/uwell-valyrian-iii-kit-2\/#primaryimage"},"thumbnailUrl":"https:\/\/www.leriff.ch\/wp-content\/uploads\/2022\/05\/Uwell-Valyrian-III-Kit_midnight_full-colors.jpg","datePublished":"2022-05-09T15:19:24+00:00","dateModified":"2022-05-09T15:52:16+00:00","description":"L'Uwell Valyrian III non solo ha scaglie di drago, ma anche il potere di un drago. La serie Valyrian \u00e8 sempre stata rivolta ai cloudchasers dedicati, poich\u00e9 lo scopo principale del Valyrian III \u00e8 quello di produrre una grande quantit\u00e0 di vapore.","breadcrumb":{"@id":"https:\/\/www.leriff.ch\/it\/prodotto\/uwell-valyrian-iii-kit-2\/#breadcrumb"},"inLanguage":"it-IT","potentialAction":[{"@type":"ReadAction","target":["https:\/\/www.leriff.ch\/it\/prodotto\/uwell-valyrian-iii-kit-2\/"]}]},{"@type":"ImageObject","inLanguage":"it-IT","@id":"https:\/\/www.leriff.ch\/it\/prodotto\/uwell-valyrian-iii-kit-2\/#primaryimage","url":"https:\/\/www.leriff.ch\/wp-content\/uploads\/2022\/05\/Uwell-Valyrian-III-Kit_midnight_full-colors.jpg","contentUrl":"https:\/\/www.leriff.ch\/wp-content\/uploads\/2022\/05\/Uwell-Valyrian-III-Kit_midnight_full-colors.jpg","width":560,"height":560},{"@type":"BreadcrumbList","@id":"https:\/\/www.leriff.ch\/it\/prodotto\/uwell-valyrian-iii-kit-2\/#breadcrumb","itemListElement":[{"@type":"ListItem","position":1,"name":"Accueil","item":"https:\/\/www.leriff.ch\/it\/"},{"@type":"ListItem","position":2,"name":"Negozio","item":"https:\/\/www.leriff.ch\/it\/negozio\/"},{"@type":"ListItem","position":3,"name":"Sigarette elettroniche","item":"https:\/\/www.leriff.ch\/it\/categorie-produit\/sigarette-elettroniche\/"},{"@type":"ListItem","position":4,"name":"E-Sigarette","item":"https:\/\/www.leriff.ch\/it\/categorie-produit\/sigarette-elettroniche\/e-sigarette\/"},{"@type":"ListItem","position":5,"name":"Uwell Valyrian III Kit"}]},{"@type":"WebSite","@id":"https:\/\/www.leriff.ch\/it\/#website","url":"https:\/\/www.leriff.ch\/it\/","name":"Le Riff","description":"Fleurs de Cannabis CBD","publisher":{"@id":"https:\/\/www.leriff.ch\/it\/#organization"},"potentialAction":[{"@type":"SearchAction","target":{"@type":"EntryPoint","urlTemplate":"https:\/\/www.leriff.ch\/it\/?s={search_term_string}"},"query-input":{"@type":"PropertyValueSpecification","valueRequired":true,"valueName":"search_term_string"}}],"inLanguage":"it-IT"},{"@type":"Organization","@id":"https:\/\/www.leriff.ch\/it\/#organization","name":"le riff","url":"https:\/\/www.leriff.ch\/it\/","logo":{"@type":"ImageObject","inLanguage":"it-IT","@id":"https:\/\/www.leriff.ch\/it\/#\/schema\/logo\/image\/","url":"https:\/\/www.leriff.ch\/wp-content\/uploads\/2019\/10\/logo_carre.png","contentUrl":"https:\/\/www.leriff.ch\/wp-content\/uploads\/2019\/10\/logo_carre.png","width":130,"height":130,"caption":"le riff"},"image":{"@id":"https:\/\/www.leriff.ch\/it\/#\/schema\/logo\/image\/"},"sameAs":["https:\/\/www.facebook.com\/Leriff.ch"]}]}},"_links":{"self":[{"href":"https:\/\/www.leriff.ch\/it\/wp-json\/wp\/v2\/product\/41305","targetHints":{"allow":["GET"]}}],"collection":[{"href":"https:\/\/www.leriff.ch\/it\/wp-json\/wp\/v2\/product"}],"about":[{"href":"https:\/\/www.leriff.ch\/it\/wp-json\/wp\/v2\/types\/product"}],"replies":[{"embeddable":true,"href":"https:\/\/www.leriff.ch\/it\/wp-json\/wp\/v2\/comments?post=41305"}],"wp:featuredmedia":[{"embeddable":true,"href":"https:\/\/www.leriff.ch\/it\/wp-json\/wp\/v2\/media\/41295"}],"wp:attachment":[{"href":"https:\/\/www.leriff.ch\/it\/wp-json\/wp\/v2\/media?parent=41305"}],"wp:term":[{"taxonomy":"product_brand","embeddable":true,"href":"https:\/\/www.leriff.ch\/it\/wp-json\/wp\/v2\/product_brand?post=41305"},{"taxonomy":"product_cat","embeddable":true,"href":"https:\/\/www.leriff.ch\/it\/wp-json\/wp\/v2\/product_cat?post=41305"},{"taxonomy":"product_tag","embeddable":true,"href":"https:\/\/www.leriff.ch\/it\/wp-json\/wp\/v2\/product_tag?post=41305"}],"curies":[{"name":"wp","href":"https:\/\/api.w.org\/{rel}","templated":true}]}}