{"id":41844,"date":"2021-03-31T09:34:24","date_gmt":"2022-05-12T10:59:10","guid":{"rendered":"https:\/\/www.leriff.ch\/produit\/harlequin-popcorn-indoor\/"},"modified":"2022-05-12T10:59:10","modified_gmt":"2022-05-12T10:59:10","slug":"harlequin-popcorn-2","status":"publish","type":"product","link":"https:\/\/www.leriff.ch\/it\/prodotto\/harlequin-popcorn-2\/","title":{"rendered":"Harlequin Popcorn | Indoor"},"content":{"rendered":"<p>I fiori di Popcorn CBD sono pi\u00f9 piccoli e non si sviluppano in fiori di dimensioni reali. Di solito si limitano ai fiori inferiori della pianta di cannabis. Come suggerisce il nome, si tratta della nostra variet\u00e0 premium indoor Harlequin, che si distingue per il suo sapore intenso e la sua dolcezza.<\/p>\n<p>Tutti i nostri fiori di CBD sono prodotti in Svizzera in modo sostenibile e biologico. Le nostre gemme di alta qualit\u00e0 raggiungono livelli di CBD fino al 23%, mentre il contenuto di THC \u00e8 sempre inferiore all&#8217;1%. Tutte le gemme di CBD di Green Passion sono conformi alla legge svizzera e ti offrono un&#8217;esperienza eccezionale.<\/p>\n<p>Nel nostro negozio online di CBD puoi comprare olio di CBD di alta qualit\u00e0 e fiori di CBD da interno, esterno e serra dalla Svizzera. Inoltre, troverete un&#8217;ampia selezione di semi femminizzati di alta qualit\u00e0 che ora potrete coltivare voi stessi.<\/p>\n<p>I nostri prodotti sono prodotti secondo i pi\u00f9 alti standard di qualit\u00e0. Tutte le nostre gemme sono curate per settimane dopo l&#8217;essiccazione, il che d\u00e0 loro il loro gusto intenso e unico. Inoltre, durante il processo di fermentazione, la clorofilla viene rimossa dai fiori e gli acidi cannabinoidi THC-A e CBD-A vengono convertiti nei principali principi attivi Delta-9-THC e CBD.<\/p>\n<p>Tutti i nostri prodotti hanno un contenuto di THC inferiore a &lt;1% e soddisfare i requisiti legali in Svizzera.<\/p>\n","protected":false},"excerpt":{"rendered":"<p>Avete voglia di popcorn? Provate quindi i nostri nuovi popcorn di fiori di cannabis indoor Harlequin e lasciatevi convincere dalla loro qualit\u00e0 e dal loro sapore dolce-fruttato.<\/p>\n<div class=\"woocommerce-product-details__short-description\">\n<p>CBD: fino al 20%.<br \/>\nTHC: &lt;1%<\/p>\n<\/div>\n","protected":false},"featured_media":5535,"comment_status":"closed","ping_status":"closed","template":"","meta":{"inline_featured_image":false},"product_brand":[],"product_cat":[2744,2745,3266],"product_tag":[],"class_list":{"0":"post-41844","1":"product","2":"type-product","3":"status-publish","4":"has-post-thumbnail","6":"product_cat-fiori-di-cbd","7":"product_cat-indoor-it","8":"product_cat-indoor-it-2","9":"pa_marque-le-riff-it","11":"first","12":"instock","13":"shipping-taxable","14":"purchasable","15":"product-type-variable","16":"has-default-attributes"},"yoast_head":"<!-- This site is optimized with the Yoast SEO Premium plugin v25.9 (Yoast SEO v27.4) - https:\/\/yoast.com\/product\/yoast-seo-premium-wordpress\/ -->\n<title>Harlequin Popcorn | Indoor - Le Riff<\/title>\n<meta name=\"description\" content=\"Avete voglia di popcorn? Allora provate subito il nostro nuovo popcorn indoor Harlequin e lasciatevi convincere dalla sua qualit\u00e0 e dal suo gusto dolce-fruttato.CBD: fino al 20%THC: &lt;1%\" \/>\n<meta name=\"robots\" content=\"index, follow, max-snippet:-1, max-image-preview:large, max-video-preview:-1\" \/>\n<link rel=\"canonical\" href=\"https:\/\/www.leriff.ch\/it\/prodotto\/harlequin-popcorn-2\/\" \/>\n<meta property=\"og:locale\" content=\"it_IT\" \/>\n<meta property=\"og:type\" content=\"article\" \/>\n<meta property=\"og:title\" content=\"Harlequin Popcorn | Indoor\" \/>\n<meta property=\"og:description\" content=\"Avete voglia di popcorn? Allora provate subito il nostro nuovo popcorn indoor Harlequin e lasciatevi convincere dalla sua qualit\u00e0 e dal suo gusto dolce-fruttato.CBD: fino al 20%THC: &lt;1%\" \/>\n<meta property=\"og:url\" content=\"https:\/\/www.leriff.ch\/it\/prodotto\/harlequin-popcorn-2\/\" \/>\n<meta property=\"og:site_name\" content=\"Le Riff\" \/>\n<meta property=\"article:publisher\" content=\"https:\/\/www.facebook.com\/Leriff.ch\" \/>\n<meta name=\"twitter:card\" content=\"summary_large_image\" \/>\n<meta name=\"twitter:label1\" content=\"Tempo di lettura stimato\" \/>\n\t<meta name=\"twitter:data1\" content=\"1 minuto\" \/>\n<script type=\"application\/ld+json\" class=\"yoast-schema-graph\">{\"@context\":\"https:\\\/\\\/schema.org\",\"@graph\":[{\"@type\":\"WebPage\",\"@id\":\"https:\\\/\\\/www.leriff.ch\\\/it\\\/prodotto\\\/harlequin-popcorn-2\\\/\",\"url\":\"https:\\\/\\\/www.leriff.ch\\\/it\\\/prodotto\\\/harlequin-popcorn-2\\\/\",\"name\":\"Harlequin Popcorn | Indoor - Le Riff\",\"isPartOf\":{\"@id\":\"https:\\\/\\\/www.leriff.ch\\\/it\\\/#website\"},\"primaryImageOfPage\":{\"@id\":\"https:\\\/\\\/www.leriff.ch\\\/it\\\/prodotto\\\/harlequin-popcorn-2\\\/#primaryimage\"},\"image\":{\"@id\":\"https:\\\/\\\/www.leriff.ch\\\/it\\\/prodotto\\\/harlequin-popcorn-2\\\/#primaryimage\"},\"thumbnailUrl\":\"https:\\\/\\\/www.leriff.ch\\\/wp-content\\\/uploads\\\/2021\\\/03\\\/cbd-indoor-harlequin-popcorn-600x600-1.jpg\",\"datePublished\":\"2022-05-12T10:59:10+00:00\",\"description\":\"Avete voglia di popcorn? Allora provate subito il nostro nuovo popcorn indoor Harlequin e lasciatevi convincere dalla sua qualit\u00e0 e dal suo gusto dolce-fruttato.CBD: fino al 20%THC: &lt;1%\",\"breadcrumb\":{\"@id\":\"https:\\\/\\\/www.leriff.ch\\\/it\\\/prodotto\\\/harlequin-popcorn-2\\\/#breadcrumb\"},\"inLanguage\":\"it-IT\",\"potentialAction\":[{\"@type\":\"ReadAction\",\"target\":[\"https:\\\/\\\/www.leriff.ch\\\/it\\\/prodotto\\\/harlequin-popcorn-2\\\/\"]}]},{\"@type\":\"ImageObject\",\"inLanguage\":\"it-IT\",\"@id\":\"https:\\\/\\\/www.leriff.ch\\\/it\\\/prodotto\\\/harlequin-popcorn-2\\\/#primaryimage\",\"url\":\"https:\\\/\\\/www.leriff.ch\\\/wp-content\\\/uploads\\\/2021\\\/03\\\/cbd-indoor-harlequin-popcorn-600x600-1.jpg\",\"contentUrl\":\"https:\\\/\\\/www.leriff.ch\\\/wp-content\\\/uploads\\\/2021\\\/03\\\/cbd-indoor-harlequin-popcorn-600x600-1.jpg\",\"width\":600,\"height\":600,\"caption\":\"Harlequin CBD : Votre Compagnon de Bien-\u00eatre\"},{\"@type\":\"BreadcrumbList\",\"@id\":\"https:\\\/\\\/www.leriff.ch\\\/it\\\/prodotto\\\/harlequin-popcorn-2\\\/#breadcrumb\",\"itemListElement\":[{\"@type\":\"ListItem\",\"position\":1,\"name\":\"Accueil\",\"item\":\"https:\\\/\\\/www.leriff.ch\\\/it\\\/\"},{\"@type\":\"ListItem\",\"position\":2,\"name\":\"Negozio\",\"item\":\"https:\\\/\\\/www.leriff.ch\\\/it\\\/negozio\\\/\"},{\"@type\":\"ListItem\",\"position\":3,\"name\":\"Fiori di CBD\",\"item\":\"https:\\\/\\\/www.leriff.ch\\\/it\\\/categorie-produit\\\/fiori-di-cbd\\\/\"},{\"@type\":\"ListItem\",\"position\":4,\"name\":\"Indoor\",\"item\":\"https:\\\/\\\/www.leriff.ch\\\/it\\\/categorie-produit\\\/fiori-di-cbd\\\/indoor-it-2\\\/\"},{\"@type\":\"ListItem\",\"position\":5,\"name\":\"Harlequin Popcorn | Indoor\"}]},{\"@type\":\"WebSite\",\"@id\":\"https:\\\/\\\/www.leriff.ch\\\/it\\\/#website\",\"url\":\"https:\\\/\\\/www.leriff.ch\\\/it\\\/\",\"name\":\"Le Riff\",\"description\":\"Fleurs de Cannabis CBD\",\"publisher\":{\"@id\":\"https:\\\/\\\/www.leriff.ch\\\/it\\\/#organization\"},\"potentialAction\":[{\"@type\":\"SearchAction\",\"target\":{\"@type\":\"EntryPoint\",\"urlTemplate\":\"https:\\\/\\\/www.leriff.ch\\\/it\\\/?s={search_term_string}\"},\"query-input\":{\"@type\":\"PropertyValueSpecification\",\"valueRequired\":true,\"valueName\":\"search_term_string\"}}],\"inLanguage\":\"it-IT\"},{\"@type\":\"Organization\",\"@id\":\"https:\\\/\\\/www.leriff.ch\\\/it\\\/#organization\",\"name\":\"le riff\",\"url\":\"https:\\\/\\\/www.leriff.ch\\\/it\\\/\",\"logo\":{\"@type\":\"ImageObject\",\"inLanguage\":\"it-IT\",\"@id\":\"https:\\\/\\\/www.leriff.ch\\\/it\\\/#\\\/schema\\\/logo\\\/image\\\/\",\"url\":\"https:\\\/\\\/www.leriff.ch\\\/wp-content\\\/uploads\\\/2019\\\/10\\\/logo_carre.png\",\"contentUrl\":\"https:\\\/\\\/www.leriff.ch\\\/wp-content\\\/uploads\\\/2019\\\/10\\\/logo_carre.png\",\"width\":130,\"height\":130,\"caption\":\"le riff\"},\"image\":{\"@id\":\"https:\\\/\\\/www.leriff.ch\\\/it\\\/#\\\/schema\\\/logo\\\/image\\\/\"},\"sameAs\":[\"https:\\\/\\\/www.facebook.com\\\/Leriff.ch\"]}]}<\/script>\n<!-- \/ Yoast SEO Premium plugin. -->","yoast_head_json":{"title":"Harlequin Popcorn | Indoor - Le Riff","description":"Avete voglia di popcorn? Allora provate subito il nostro nuovo popcorn indoor Harlequin e lasciatevi convincere dalla sua qualit\u00e0 e dal suo gusto dolce-fruttato.CBD: fino al 20%THC: &lt;1%","robots":{"index":"index","follow":"follow","max-snippet":"max-snippet:-1","max-image-preview":"max-image-preview:large","max-video-preview":"max-video-preview:-1"},"canonical":"https:\/\/www.leriff.ch\/it\/prodotto\/harlequin-popcorn-2\/","og_locale":"it_IT","og_type":"article","og_title":"Harlequin Popcorn | Indoor","og_description":"Avete voglia di popcorn? Allora provate subito il nostro nuovo popcorn indoor Harlequin e lasciatevi convincere dalla sua qualit\u00e0 e dal suo gusto dolce-fruttato.CBD: fino al 20%THC: &lt;1%","og_url":"https:\/\/www.leriff.ch\/it\/prodotto\/harlequin-popcorn-2\/","og_site_name":"Le Riff","article_publisher":"https:\/\/www.facebook.com\/Leriff.ch","twitter_card":"summary_large_image","twitter_misc":{"Tempo di lettura stimato":"1 minuto"},"schema":{"@context":"https:\/\/schema.org","@graph":[{"@type":"WebPage","@id":"https:\/\/www.leriff.ch\/it\/prodotto\/harlequin-popcorn-2\/","url":"https:\/\/www.leriff.ch\/it\/prodotto\/harlequin-popcorn-2\/","name":"Harlequin Popcorn | Indoor - Le Riff","isPartOf":{"@id":"https:\/\/www.leriff.ch\/it\/#website"},"primaryImageOfPage":{"@id":"https:\/\/www.leriff.ch\/it\/prodotto\/harlequin-popcorn-2\/#primaryimage"},"image":{"@id":"https:\/\/www.leriff.ch\/it\/prodotto\/harlequin-popcorn-2\/#primaryimage"},"thumbnailUrl":"https:\/\/www.leriff.ch\/wp-content\/uploads\/2021\/03\/cbd-indoor-harlequin-popcorn-600x600-1.jpg","datePublished":"2022-05-12T10:59:10+00:00","description":"Avete voglia di popcorn? Allora provate subito il nostro nuovo popcorn indoor Harlequin e lasciatevi convincere dalla sua qualit\u00e0 e dal suo gusto dolce-fruttato.CBD: fino al 20%THC: &lt;1%","breadcrumb":{"@id":"https:\/\/www.leriff.ch\/it\/prodotto\/harlequin-popcorn-2\/#breadcrumb"},"inLanguage":"it-IT","potentialAction":[{"@type":"ReadAction","target":["https:\/\/www.leriff.ch\/it\/prodotto\/harlequin-popcorn-2\/"]}]},{"@type":"ImageObject","inLanguage":"it-IT","@id":"https:\/\/www.leriff.ch\/it\/prodotto\/harlequin-popcorn-2\/#primaryimage","url":"https:\/\/www.leriff.ch\/wp-content\/uploads\/2021\/03\/cbd-indoor-harlequin-popcorn-600x600-1.jpg","contentUrl":"https:\/\/www.leriff.ch\/wp-content\/uploads\/2021\/03\/cbd-indoor-harlequin-popcorn-600x600-1.jpg","width":600,"height":600,"caption":"Harlequin CBD : Votre Compagnon de Bien-\u00eatre"},{"@type":"BreadcrumbList","@id":"https:\/\/www.leriff.ch\/it\/prodotto\/harlequin-popcorn-2\/#breadcrumb","itemListElement":[{"@type":"ListItem","position":1,"name":"Accueil","item":"https:\/\/www.leriff.ch\/it\/"},{"@type":"ListItem","position":2,"name":"Negozio","item":"https:\/\/www.leriff.ch\/it\/negozio\/"},{"@type":"ListItem","position":3,"name":"Fiori di CBD","item":"https:\/\/www.leriff.ch\/it\/categorie-produit\/fiori-di-cbd\/"},{"@type":"ListItem","position":4,"name":"Indoor","item":"https:\/\/www.leriff.ch\/it\/categorie-produit\/fiori-di-cbd\/indoor-it-2\/"},{"@type":"ListItem","position":5,"name":"Harlequin Popcorn | Indoor"}]},{"@type":"WebSite","@id":"https:\/\/www.leriff.ch\/it\/#website","url":"https:\/\/www.leriff.ch\/it\/","name":"Le Riff","description":"Fleurs de Cannabis CBD","publisher":{"@id":"https:\/\/www.leriff.ch\/it\/#organization"},"potentialAction":[{"@type":"SearchAction","target":{"@type":"EntryPoint","urlTemplate":"https:\/\/www.leriff.ch\/it\/?s={search_term_string}"},"query-input":{"@type":"PropertyValueSpecification","valueRequired":true,"valueName":"search_term_string"}}],"inLanguage":"it-IT"},{"@type":"Organization","@id":"https:\/\/www.leriff.ch\/it\/#organization","name":"le riff","url":"https:\/\/www.leriff.ch\/it\/","logo":{"@type":"ImageObject","inLanguage":"it-IT","@id":"https:\/\/www.leriff.ch\/it\/#\/schema\/logo\/image\/","url":"https:\/\/www.leriff.ch\/wp-content\/uploads\/2019\/10\/logo_carre.png","contentUrl":"https:\/\/www.leriff.ch\/wp-content\/uploads\/2019\/10\/logo_carre.png","width":130,"height":130,"caption":"le riff"},"image":{"@id":"https:\/\/www.leriff.ch\/it\/#\/schema\/logo\/image\/"},"sameAs":["https:\/\/www.facebook.com\/Leriff.ch"]}]}},"_links":{"self":[{"href":"https:\/\/www.leriff.ch\/it\/wp-json\/wp\/v2\/product\/41844","targetHints":{"allow":["GET"]}}],"collection":[{"href":"https:\/\/www.leriff.ch\/it\/wp-json\/wp\/v2\/product"}],"about":[{"href":"https:\/\/www.leriff.ch\/it\/wp-json\/wp\/v2\/types\/product"}],"replies":[{"embeddable":true,"href":"https:\/\/www.leriff.ch\/it\/wp-json\/wp\/v2\/comments?post=41844"}],"wp:featuredmedia":[{"embeddable":true,"href":"https:\/\/www.leriff.ch\/it\/wp-json\/wp\/v2\/media\/5535"}],"wp:attachment":[{"href":"https:\/\/www.leriff.ch\/it\/wp-json\/wp\/v2\/media?parent=41844"}],"wp:term":[{"taxonomy":"product_brand","embeddable":true,"href":"https:\/\/www.leriff.ch\/it\/wp-json\/wp\/v2\/product_brand?post=41844"},{"taxonomy":"product_cat","embeddable":true,"href":"https:\/\/www.leriff.ch\/it\/wp-json\/wp\/v2\/product_cat?post=41844"},{"taxonomy":"product_tag","embeddable":true,"href":"https:\/\/www.leriff.ch\/it\/wp-json\/wp\/v2\/product_tag?post=41844"}],"curies":[{"name":"wp","href":"https:\/\/api.w.org\/{rel}","templated":true}]}}