{"id":41996,"date":"2021-03-30T22:50:12","date_gmt":"2022-05-16T16:55:04","guid":{"rendered":"https:\/\/www.leriff.ch\/produit\/grapefruit-passion-indoor\/"},"modified":"2022-05-16T16:55:04","modified_gmt":"2022-05-16T16:55:04","slug":"grapefruit-passion-indoor-2","status":"publish","type":"product","link":"https:\/\/www.leriff.ch\/it\/prodotto\/grapefruit-passion-indoor-2\/","title":{"rendered":"Grapefruit Passion | Indoor"},"content":{"rendered":"<p>Questa genetica appartiene alla famiglia Orange Passion, che piacer\u00e0 a tutti gli amanti della cannabis con le sue cime perfette e di prima qualit\u00e0. La variet\u00e0 Grapefruit Passion convince sia dal punto di vista visivo che del gusto e offre un&#8217;esperienza di consumo rinfrescante. Questa variet\u00e0 \u00e8 coltivata in Svizzera in una struttura di allevamento indoor di prima classe.<\/p>\n<p>Tutti i nostri fiori di cannabis CBD sono prodotti in Svizzera in modo sostenibile e biologico. Le nostre gemme di alta qualit\u00e0 raggiungono livelli di CBD fino al 23%, mentre il contenuto di THC \u00e8 sempre inferiore all&#8217;1%. Tutte le gemme di CBD di Green Passion sono conformi alla legge svizzera e ti offrono un&#8217;esperienza eccezionale.<\/p>\n<p>Nel nostro negozio online di CBD puoi comprare olio di CBD di alta qualit\u00e0 e fiori di CBD da interno, esterno e serra dalla Svizzera. Inoltre, troverete un&#8217;ampia selezione di semi femminizzati di alta qualit\u00e0 che ora potrete coltivare voi stessi.<\/p>\n<p>I nostri prodotti sono prodotti secondo i pi\u00f9 alti standard di qualit\u00e0. Tutte le nostre gemme sono curate per settimane dopo l&#8217;essiccazione, il che d\u00e0 loro il loro gusto intenso e unico. Inoltre, durante il processo di fermentazione, la clorofilla viene rimossa dai fiori e gli acidi cannabinoidi THC-A e CBD-A vengono convertiti nei principali principi attivi Delta-9-THC e CBD.<\/p>\n<p>Tutti i nostri prodotti hanno un contenuto di THC inferiore a&lt;1% e soddisfare i requisiti legali in Svizzera<\/p>\n","protected":false},"excerpt":{"rendered":"<div class=\"woocommerce-product-details__short-description\">\n<p>Se volete una variet\u00e0 di cannabis deliziosa, ricca ed estremamente potente con un vero sapore di frutta, allora amerete la Limited Grapefruit Passion.<\/p>\n<p>CBD: fino al 20%.<br \/>\nTHC : &lt;1%&#8221;<\/p>\n<\/div>\n","protected":false},"featured_media":5474,"comment_status":"closed","ping_status":"closed","template":"","meta":{"inline_featured_image":false},"product_brand":[],"product_cat":[2744,3266,2745],"product_tag":[],"class_list":{"0":"post-41996","1":"product","2":"type-product","3":"status-publish","4":"has-post-thumbnail","6":"product_cat-fiori-di-cbd","7":"product_cat-indoor-it-2","8":"product_cat-indoor-it","9":"pa_marque-green-passion-it","11":"first","12":"instock","13":"shipping-taxable","14":"purchasable","15":"product-type-variable"},"yoast_head":"<!-- This site is optimized with the Yoast SEO Premium plugin v25.9 (Yoast SEO v27.3) - https:\/\/yoast.com\/product\/yoast-seo-premium-wordpress\/ -->\n<title>Grapefruit Passion Orange Bud CBD Cannabis INDOOR - Le Riff<\/title>\n<meta name=\"description\" content=\"Pompelmo Passione Arancio Bud CBD Indoor CBD Fiori Svizzera: se volete una deliziosa variet\u00e0 di cannabis INDOOR.\" \/>\n<meta name=\"robots\" content=\"index, follow, max-snippet:-1, max-image-preview:large, max-video-preview:-1\" \/>\n<link rel=\"canonical\" href=\"https:\/\/www.leriff.ch\/it\/prodotto\/grapefruit-passion-indoor-2\/\" \/>\n<meta property=\"og:locale\" content=\"it_IT\" \/>\n<meta property=\"og:type\" content=\"article\" \/>\n<meta property=\"og:title\" content=\"Grapefruit Passion | Indoor\" \/>\n<meta property=\"og:description\" content=\"Pompelmo Passione Arancio Bud CBD Indoor CBD Fiori Svizzera: se volete una deliziosa variet\u00e0 di cannabis INDOOR.\" \/>\n<meta property=\"og:url\" content=\"https:\/\/www.leriff.ch\/it\/prodotto\/grapefruit-passion-indoor-2\/\" \/>\n<meta property=\"og:site_name\" content=\"Le Riff\" \/>\n<meta property=\"article:publisher\" content=\"https:\/\/www.facebook.com\/Leriff.ch\" \/>\n<meta name=\"twitter:card\" content=\"summary_large_image\" \/>\n<meta name=\"twitter:label1\" content=\"Tempo di lettura stimato\" \/>\n\t<meta name=\"twitter:data1\" content=\"1 minuto\" \/>\n<script type=\"application\/ld+json\" class=\"yoast-schema-graph\">{\"@context\":\"https:\\\/\\\/schema.org\",\"@graph\":[{\"@type\":\"WebPage\",\"@id\":\"https:\\\/\\\/www.leriff.ch\\\/it\\\/prodotto\\\/grapefruit-passion-indoor-2\\\/\",\"url\":\"https:\\\/\\\/www.leriff.ch\\\/it\\\/prodotto\\\/grapefruit-passion-indoor-2\\\/\",\"name\":\"Grapefruit Passion Orange Bud CBD Cannabis INDOOR - Le Riff\",\"isPartOf\":{\"@id\":\"https:\\\/\\\/www.leriff.ch\\\/it\\\/#website\"},\"primaryImageOfPage\":{\"@id\":\"https:\\\/\\\/www.leriff.ch\\\/it\\\/prodotto\\\/grapefruit-passion-indoor-2\\\/#primaryimage\"},\"image\":{\"@id\":\"https:\\\/\\\/www.leriff.ch\\\/it\\\/prodotto\\\/grapefruit-passion-indoor-2\\\/#primaryimage\"},\"thumbnailUrl\":\"https:\\\/\\\/www.leriff.ch\\\/wp-content\\\/uploads\\\/2021\\\/03\\\/cbd-indoor-grapefruit-600x600-1.jpg\",\"datePublished\":\"2022-05-16T16:55:04+00:00\",\"description\":\"Pompelmo Passione Arancio Bud CBD Indoor CBD Fiori Svizzera: se volete una deliziosa variet\u00e0 di cannabis INDOOR.\",\"breadcrumb\":{\"@id\":\"https:\\\/\\\/www.leriff.ch\\\/it\\\/prodotto\\\/grapefruit-passion-indoor-2\\\/#breadcrumb\"},\"inLanguage\":\"it-IT\",\"potentialAction\":[{\"@type\":\"ReadAction\",\"target\":[\"https:\\\/\\\/www.leriff.ch\\\/it\\\/prodotto\\\/grapefruit-passion-indoor-2\\\/\"]}]},{\"@type\":\"ImageObject\",\"inLanguage\":\"it-IT\",\"@id\":\"https:\\\/\\\/www.leriff.ch\\\/it\\\/prodotto\\\/grapefruit-passion-indoor-2\\\/#primaryimage\",\"url\":\"https:\\\/\\\/www.leriff.ch\\\/wp-content\\\/uploads\\\/2021\\\/03\\\/cbd-indoor-grapefruit-600x600-1.jpg\",\"contentUrl\":\"https:\\\/\\\/www.leriff.ch\\\/wp-content\\\/uploads\\\/2021\\\/03\\\/cbd-indoor-grapefruit-600x600-1.jpg\",\"width\":600,\"height\":600,\"caption\":\"Grapefruit Passion Orange Bud CBD Indoor - Fleurs de CBD Suisse - Fleurs de cannabis suisse\"},{\"@type\":\"BreadcrumbList\",\"@id\":\"https:\\\/\\\/www.leriff.ch\\\/it\\\/prodotto\\\/grapefruit-passion-indoor-2\\\/#breadcrumb\",\"itemListElement\":[{\"@type\":\"ListItem\",\"position\":1,\"name\":\"Accueil\",\"item\":\"https:\\\/\\\/www.leriff.ch\\\/it\\\/\"},{\"@type\":\"ListItem\",\"position\":2,\"name\":\"Negozio\",\"item\":\"https:\\\/\\\/www.leriff.ch\\\/it\\\/negozio\\\/\"},{\"@type\":\"ListItem\",\"position\":3,\"name\":\"Fiori di CBD\",\"item\":\"https:\\\/\\\/www.leriff.ch\\\/it\\\/categorie-produit\\\/fiori-di-cbd\\\/\"},{\"@type\":\"ListItem\",\"position\":4,\"name\":\"Indoor\",\"item\":\"https:\\\/\\\/www.leriff.ch\\\/it\\\/categorie-produit\\\/fiori-di-cbd\\\/indoor-it-2\\\/\"},{\"@type\":\"ListItem\",\"position\":5,\"name\":\"Grapefruit Passion | Indoor\"}]},{\"@type\":\"WebSite\",\"@id\":\"https:\\\/\\\/www.leriff.ch\\\/it\\\/#website\",\"url\":\"https:\\\/\\\/www.leriff.ch\\\/it\\\/\",\"name\":\"Le Riff\",\"description\":\"Fleurs de Cannabis CBD\",\"publisher\":{\"@id\":\"https:\\\/\\\/www.leriff.ch\\\/it\\\/#organization\"},\"potentialAction\":[{\"@type\":\"SearchAction\",\"target\":{\"@type\":\"EntryPoint\",\"urlTemplate\":\"https:\\\/\\\/www.leriff.ch\\\/it\\\/?s={search_term_string}\"},\"query-input\":{\"@type\":\"PropertyValueSpecification\",\"valueRequired\":true,\"valueName\":\"search_term_string\"}}],\"inLanguage\":\"it-IT\"},{\"@type\":\"Organization\",\"@id\":\"https:\\\/\\\/www.leriff.ch\\\/it\\\/#organization\",\"name\":\"le riff\",\"url\":\"https:\\\/\\\/www.leriff.ch\\\/it\\\/\",\"logo\":{\"@type\":\"ImageObject\",\"inLanguage\":\"it-IT\",\"@id\":\"https:\\\/\\\/www.leriff.ch\\\/it\\\/#\\\/schema\\\/logo\\\/image\\\/\",\"url\":\"https:\\\/\\\/www.leriff.ch\\\/wp-content\\\/uploads\\\/2019\\\/10\\\/logo_carre.png\",\"contentUrl\":\"https:\\\/\\\/www.leriff.ch\\\/wp-content\\\/uploads\\\/2019\\\/10\\\/logo_carre.png\",\"width\":130,\"height\":130,\"caption\":\"le riff\"},\"image\":{\"@id\":\"https:\\\/\\\/www.leriff.ch\\\/it\\\/#\\\/schema\\\/logo\\\/image\\\/\"},\"sameAs\":[\"https:\\\/\\\/www.facebook.com\\\/Leriff.ch\"]}]}<\/script>\n<!-- \/ Yoast SEO Premium plugin. -->","yoast_head_json":{"title":"Grapefruit Passion Orange Bud CBD Cannabis INDOOR - Le Riff","description":"Pompelmo Passione Arancio Bud CBD Indoor CBD Fiori Svizzera: se volete una deliziosa variet\u00e0 di cannabis INDOOR.","robots":{"index":"index","follow":"follow","max-snippet":"max-snippet:-1","max-image-preview":"max-image-preview:large","max-video-preview":"max-video-preview:-1"},"canonical":"https:\/\/www.leriff.ch\/it\/prodotto\/grapefruit-passion-indoor-2\/","og_locale":"it_IT","og_type":"article","og_title":"Grapefruit Passion | Indoor","og_description":"Pompelmo Passione Arancio Bud CBD Indoor CBD Fiori Svizzera: se volete una deliziosa variet\u00e0 di cannabis INDOOR.","og_url":"https:\/\/www.leriff.ch\/it\/prodotto\/grapefruit-passion-indoor-2\/","og_site_name":"Le Riff","article_publisher":"https:\/\/www.facebook.com\/Leriff.ch","twitter_card":"summary_large_image","twitter_misc":{"Tempo di lettura stimato":"1 minuto"},"schema":{"@context":"https:\/\/schema.org","@graph":[{"@type":"WebPage","@id":"https:\/\/www.leriff.ch\/it\/prodotto\/grapefruit-passion-indoor-2\/","url":"https:\/\/www.leriff.ch\/it\/prodotto\/grapefruit-passion-indoor-2\/","name":"Grapefruit Passion Orange Bud CBD Cannabis INDOOR - Le Riff","isPartOf":{"@id":"https:\/\/www.leriff.ch\/it\/#website"},"primaryImageOfPage":{"@id":"https:\/\/www.leriff.ch\/it\/prodotto\/grapefruit-passion-indoor-2\/#primaryimage"},"image":{"@id":"https:\/\/www.leriff.ch\/it\/prodotto\/grapefruit-passion-indoor-2\/#primaryimage"},"thumbnailUrl":"https:\/\/www.leriff.ch\/wp-content\/uploads\/2021\/03\/cbd-indoor-grapefruit-600x600-1.jpg","datePublished":"2022-05-16T16:55:04+00:00","description":"Pompelmo Passione Arancio Bud CBD Indoor CBD Fiori Svizzera: se volete una deliziosa variet\u00e0 di cannabis INDOOR.","breadcrumb":{"@id":"https:\/\/www.leriff.ch\/it\/prodotto\/grapefruit-passion-indoor-2\/#breadcrumb"},"inLanguage":"it-IT","potentialAction":[{"@type":"ReadAction","target":["https:\/\/www.leriff.ch\/it\/prodotto\/grapefruit-passion-indoor-2\/"]}]},{"@type":"ImageObject","inLanguage":"it-IT","@id":"https:\/\/www.leriff.ch\/it\/prodotto\/grapefruit-passion-indoor-2\/#primaryimage","url":"https:\/\/www.leriff.ch\/wp-content\/uploads\/2021\/03\/cbd-indoor-grapefruit-600x600-1.jpg","contentUrl":"https:\/\/www.leriff.ch\/wp-content\/uploads\/2021\/03\/cbd-indoor-grapefruit-600x600-1.jpg","width":600,"height":600,"caption":"Grapefruit Passion Orange Bud CBD Indoor - Fleurs de CBD Suisse - Fleurs de cannabis suisse"},{"@type":"BreadcrumbList","@id":"https:\/\/www.leriff.ch\/it\/prodotto\/grapefruit-passion-indoor-2\/#breadcrumb","itemListElement":[{"@type":"ListItem","position":1,"name":"Accueil","item":"https:\/\/www.leriff.ch\/it\/"},{"@type":"ListItem","position":2,"name":"Negozio","item":"https:\/\/www.leriff.ch\/it\/negozio\/"},{"@type":"ListItem","position":3,"name":"Fiori di CBD","item":"https:\/\/www.leriff.ch\/it\/categorie-produit\/fiori-di-cbd\/"},{"@type":"ListItem","position":4,"name":"Indoor","item":"https:\/\/www.leriff.ch\/it\/categorie-produit\/fiori-di-cbd\/indoor-it-2\/"},{"@type":"ListItem","position":5,"name":"Grapefruit Passion | Indoor"}]},{"@type":"WebSite","@id":"https:\/\/www.leriff.ch\/it\/#website","url":"https:\/\/www.leriff.ch\/it\/","name":"Le Riff","description":"Fleurs de Cannabis CBD","publisher":{"@id":"https:\/\/www.leriff.ch\/it\/#organization"},"potentialAction":[{"@type":"SearchAction","target":{"@type":"EntryPoint","urlTemplate":"https:\/\/www.leriff.ch\/it\/?s={search_term_string}"},"query-input":{"@type":"PropertyValueSpecification","valueRequired":true,"valueName":"search_term_string"}}],"inLanguage":"it-IT"},{"@type":"Organization","@id":"https:\/\/www.leriff.ch\/it\/#organization","name":"le riff","url":"https:\/\/www.leriff.ch\/it\/","logo":{"@type":"ImageObject","inLanguage":"it-IT","@id":"https:\/\/www.leriff.ch\/it\/#\/schema\/logo\/image\/","url":"https:\/\/www.leriff.ch\/wp-content\/uploads\/2019\/10\/logo_carre.png","contentUrl":"https:\/\/www.leriff.ch\/wp-content\/uploads\/2019\/10\/logo_carre.png","width":130,"height":130,"caption":"le riff"},"image":{"@id":"https:\/\/www.leriff.ch\/it\/#\/schema\/logo\/image\/"},"sameAs":["https:\/\/www.facebook.com\/Leriff.ch"]}]}},"_links":{"self":[{"href":"https:\/\/www.leriff.ch\/it\/wp-json\/wp\/v2\/product\/41996","targetHints":{"allow":["GET"]}}],"collection":[{"href":"https:\/\/www.leriff.ch\/it\/wp-json\/wp\/v2\/product"}],"about":[{"href":"https:\/\/www.leriff.ch\/it\/wp-json\/wp\/v2\/types\/product"}],"replies":[{"embeddable":true,"href":"https:\/\/www.leriff.ch\/it\/wp-json\/wp\/v2\/comments?post=41996"}],"wp:featuredmedia":[{"embeddable":true,"href":"https:\/\/www.leriff.ch\/it\/wp-json\/wp\/v2\/media\/5474"}],"wp:attachment":[{"href":"https:\/\/www.leriff.ch\/it\/wp-json\/wp\/v2\/media?parent=41996"}],"wp:term":[{"taxonomy":"product_brand","embeddable":true,"href":"https:\/\/www.leriff.ch\/it\/wp-json\/wp\/v2\/product_brand?post=41996"},{"taxonomy":"product_cat","embeddable":true,"href":"https:\/\/www.leriff.ch\/it\/wp-json\/wp\/v2\/product_cat?post=41996"},{"taxonomy":"product_tag","embeddable":true,"href":"https:\/\/www.leriff.ch\/it\/wp-json\/wp\/v2\/product_tag?post=41996"}],"curies":[{"name":"wp","href":"https:\/\/api.w.org\/{rel}","templated":true}]}}