{"id":43791,"date":"2023-04-10T21:02:00","date_gmt":"2023-04-10T20:13:47","guid":{"rendered":"https:\/\/www.leriff.ch\/produit\/hashish-blue-berry\/"},"modified":"2023-04-10T22:13:47","modified_gmt":"2023-04-10T20:13:47","slug":"haschisch-pollen-cannabis-blue-berry-cbd","status":"publish","type":"product","link":"https:\/\/www.leriff.ch\/it\/prodotto\/haschisch-pollen-cannabis-blue-berry-cbd\/","title":{"rendered":"Hashish \u2013 Blue Berry"},"content":{"rendered":"<div class=\"flex flex-grow flex-col gap-3\">\n<div class=\"min-h-[20px] flex flex-col items-start gap-4 whitespace-pre-wrap\">\n<div class=\"markdown prose w-full break-words dark:prose-invert light\">\n<p>La produzione di Blue Berry CBD Cannabis Pollen Hashish prevede l&#8217;estrazione di tricomi dai fiori di cannabis Blue Berry ad alto contenuto di CBD. Ecco i passaggi generali per produrre l&#8217;hashish di polline di cannabis CBD Blue Berry:<\/p>\n<ol>\n<li>Inizia selezionando i fiori di cannabis Blue Berry con un alto contenuto di CBD. \u00c8 importante scegliere fiori di qualit\u00e0 per ottenere un hashish di qualit\u00e0 superiore.<\/li>\n<li>Congelare i fiori di cannabis per almeno 24 ore per aiutare a separare i tricomi dalla pianta.<\/li>\n<li>Usa un setaccio a maglie fini per separare i tricomi dalla materia vegetale. Puoi anche usare una macchina per il ghiaccio secco per separare i tricomi pi\u00f9 velocemente.<\/li>\n<li>Dopo aver separato i tricomi, puoi comprimerli insieme per formare grumi di Pollen Hash. Puoi usare una pressa per hashish o semplicemente le mani per spremere i tricomi insieme.<\/li>\n<li>Lasciare asciugare all&#8217;aria i blocchi di hashish di polline di cannabis Blue Berry CBD per diverse ore o fino a completa asciugatura. \u00c8 quindi possibile conservarli in un luogo fresco e asciutto per un uso futuro.<\/li>\n<\/ol>\n<p>Cannabis Blue Berry CBD Hashish Pollen \u00e8 una forma concentrata di tricomi di fiori di cannabis Blue Berry con un alto contenuto di cannabidiolo (CBD). Alcune delle sue caratteristiche includono<\/p>\n<ul>\n<li>Aspetto: Blue Berry CBD Cannabis Pollen Hashish si presenta sotto forma di una polvere fine o di piccoli pezzi marrone scuro.<\/li>\n<li>Consistenza: ha una consistenza appiccicosa e oleosa e pu\u00f2 essere facilmente schiacciata in forme pi\u00f9 dense e compatte.<\/li>\n<li>Aroma e Sapore: Cannabis Blue Berry CBD Hash Pollen ha un distinto aroma e sapore di mirtillo, con sottili sentori di terra e pino.<\/li>\n<li>Effetti: A causa del suo alto contenuto di CBD, il Blue Berry CBD Cannabis Pollen Hashish \u00e8 spesso usato per i suoi effetti rilassanti e lenitivi, senza gli effetti psicoattivi associati al THC. Pu\u00f2 aiutare ad alleviare lo stress, l&#8217;ansia, il dolore e l&#8217;infiammazione, tra le altre cose.<\/li>\n<li>Metodi d&#8217;uso: Cannabis Blue Berry CBD Hashish Pollen pu\u00f2 essere consumato in diversi modi, tra cui fumandolo in un bong o in una pipa, aggiungendolo a cibi o bevande o usandolo per produrre oli e tinture di cannabis.<\/li>\n<\/ul>\n<p>In sintesi, Cannabis Blue Berry CBD Pollen Hash \u00e8 una forma concentrata di tricomi ricchi di CBD, con un distinto aroma e sapore di mirtillo ed effetti rilassanti e lenitivi.<\/p>\n<\/div>\n<\/div>\n<\/div>\n","protected":false},"excerpt":{"rendered":"<p>Aroma e Sapore: Cannabis Blue Berry CBD Hash Pollen ha un distinto aroma e sapore di mirtillo, con sottili sentori di terra e pino.<\/p>\n","protected":false},"featured_media":43777,"comment_status":"closed","ping_status":"closed","template":"","meta":{"inline_featured_image":false},"product_brand":[],"product_cat":[3875,3231],"product_tag":[],"class_list":{"0":"post-43791","1":"product","2":"type-product","3":"status-publish","4":"has-post-thumbnail","6":"product_cat-hashish-it","7":"product_cat-polline-di-cannabis","9":"first","10":"instock","11":"featured","12":"shipping-taxable","13":"purchasable","14":"product-type-variable","15":"has-default-attributes"},"yoast_head":"<!-- This site is optimized with the Yoast SEO Premium plugin v25.9 (Yoast SEO v27.3) - https:\/\/yoast.com\/product\/yoast-seo-premium-wordpress\/ -->\n<title>Hashish \u2013 Blue Berry - Le Riff<\/title>\n<meta name=\"description\" content=\"Aroma e Sapore: Cannabis Blue Berry CBD Hash Pollen ha un distinto aroma e sapore di mirtillo, con sottili sentori di terra e pino.\" \/>\n<meta name=\"robots\" content=\"index, follow, max-snippet:-1, max-image-preview:large, max-video-preview:-1\" \/>\n<link rel=\"canonical\" href=\"https:\/\/www.leriff.ch\/it\/prodotto\/haschisch-pollen-cannabis-blue-berry-cbd\/\" \/>\n<meta property=\"og:locale\" content=\"it_IT\" \/>\n<meta property=\"og:type\" content=\"article\" \/>\n<meta property=\"og:title\" content=\"Hashish \u2013 Blue Berry\" \/>\n<meta property=\"og:description\" content=\"Aroma e Sapore: Cannabis Blue Berry CBD Hash Pollen ha un distinto aroma e sapore di mirtillo, con sottili sentori di terra e pino.\" \/>\n<meta property=\"og:url\" content=\"https:\/\/www.leriff.ch\/it\/prodotto\/haschisch-pollen-cannabis-blue-berry-cbd\/\" \/>\n<meta property=\"og:site_name\" content=\"Le Riff\" \/>\n<meta property=\"article:publisher\" content=\"https:\/\/www.facebook.com\/Leriff.ch\" \/>\n<meta property=\"og:image\" content=\"https:\/\/www.leriff.ch\/wp-content\/uploads\/2023\/04\/haschisch-Polen-de-Cannabis-Blue-Berry-cbd-leriff.jpg\" \/>\n\t<meta property=\"og:image:width\" content=\"1200\" \/>\n\t<meta property=\"og:image:height\" content=\"1200\" \/>\n\t<meta property=\"og:image:type\" content=\"image\/jpeg\" \/>\n<meta name=\"twitter:card\" content=\"summary_large_image\" \/>\n<meta name=\"twitter:label1\" content=\"Tempo di lettura stimato\" \/>\n\t<meta name=\"twitter:data1\" content=\"2 minuti\" \/>\n<script type=\"application\/ld+json\" class=\"yoast-schema-graph\">{\"@context\":\"https:\\\/\\\/schema.org\",\"@graph\":[{\"@type\":\"WebPage\",\"@id\":\"https:\\\/\\\/www.leriff.ch\\\/it\\\/prodotto\\\/haschisch-pollen-cannabis-blue-berry-cbd\\\/\",\"url\":\"https:\\\/\\\/www.leriff.ch\\\/it\\\/prodotto\\\/haschisch-pollen-cannabis-blue-berry-cbd\\\/\",\"name\":\"Hashish \u2013 Blue Berry - Le Riff\",\"isPartOf\":{\"@id\":\"https:\\\/\\\/www.leriff.ch\\\/it\\\/#website\"},\"primaryImageOfPage\":{\"@id\":\"https:\\\/\\\/www.leriff.ch\\\/it\\\/prodotto\\\/haschisch-pollen-cannabis-blue-berry-cbd\\\/#primaryimage\"},\"image\":{\"@id\":\"https:\\\/\\\/www.leriff.ch\\\/it\\\/prodotto\\\/haschisch-pollen-cannabis-blue-berry-cbd\\\/#primaryimage\"},\"thumbnailUrl\":\"https:\\\/\\\/www.leriff.ch\\\/wp-content\\\/uploads\\\/2023\\\/04\\\/haschisch-Polen-de-Cannabis-Blue-Berry-cbd-leriff.jpg\",\"datePublished\":\"2023-04-10T20:13:47+00:00\",\"description\":\"Aroma e Sapore: Cannabis Blue Berry CBD Hash Pollen ha un distinto aroma e sapore di mirtillo, con sottili sentori di terra e pino.\",\"breadcrumb\":{\"@id\":\"https:\\\/\\\/www.leriff.ch\\\/it\\\/prodotto\\\/haschisch-pollen-cannabis-blue-berry-cbd\\\/#breadcrumb\"},\"inLanguage\":\"it-IT\",\"potentialAction\":[{\"@type\":\"ReadAction\",\"target\":[\"https:\\\/\\\/www.leriff.ch\\\/it\\\/prodotto\\\/haschisch-pollen-cannabis-blue-berry-cbd\\\/\"]}]},{\"@type\":\"ImageObject\",\"inLanguage\":\"it-IT\",\"@id\":\"https:\\\/\\\/www.leriff.ch\\\/it\\\/prodotto\\\/haschisch-pollen-cannabis-blue-berry-cbd\\\/#primaryimage\",\"url\":\"https:\\\/\\\/www.leriff.ch\\\/wp-content\\\/uploads\\\/2023\\\/04\\\/haschisch-Polen-de-Cannabis-Blue-Berry-cbd-leriff.jpg\",\"contentUrl\":\"https:\\\/\\\/www.leriff.ch\\\/wp-content\\\/uploads\\\/2023\\\/04\\\/haschisch-Polen-de-Cannabis-Blue-Berry-cbd-leriff.jpg\",\"width\":1200,\"height\":1200,\"caption\":\"Ar\u00f4me et saveur : Le haschisch Polen de Cannabis Blue Berry CBD a un ar\u00f4me et une saveur distincts de myrtille, avec des notes subtiles de terre et de pin.\"},{\"@type\":\"BreadcrumbList\",\"@id\":\"https:\\\/\\\/www.leriff.ch\\\/it\\\/prodotto\\\/haschisch-pollen-cannabis-blue-berry-cbd\\\/#breadcrumb\",\"itemListElement\":[{\"@type\":\"ListItem\",\"position\":1,\"name\":\"Accueil\",\"item\":\"https:\\\/\\\/www.leriff.ch\\\/it\\\/\"},{\"@type\":\"ListItem\",\"position\":2,\"name\":\"Negozio\",\"item\":\"https:\\\/\\\/www.leriff.ch\\\/it\\\/negozio\\\/\"},{\"@type\":\"ListItem\",\"position\":3,\"name\":\"Polline di Cannabis\",\"item\":\"https:\\\/\\\/www.leriff.ch\\\/it\\\/categorie-produit\\\/polline-di-cannabis\\\/\"},{\"@type\":\"ListItem\",\"position\":4,\"name\":\"Hashish \u2013 Blue Berry\"}]},{\"@type\":\"WebSite\",\"@id\":\"https:\\\/\\\/www.leriff.ch\\\/it\\\/#website\",\"url\":\"https:\\\/\\\/www.leriff.ch\\\/it\\\/\",\"name\":\"Le Riff\",\"description\":\"Fleurs de Cannabis CBD\",\"publisher\":{\"@id\":\"https:\\\/\\\/www.leriff.ch\\\/it\\\/#organization\"},\"potentialAction\":[{\"@type\":\"SearchAction\",\"target\":{\"@type\":\"EntryPoint\",\"urlTemplate\":\"https:\\\/\\\/www.leriff.ch\\\/it\\\/?s={search_term_string}\"},\"query-input\":{\"@type\":\"PropertyValueSpecification\",\"valueRequired\":true,\"valueName\":\"search_term_string\"}}],\"inLanguage\":\"it-IT\"},{\"@type\":\"Organization\",\"@id\":\"https:\\\/\\\/www.leriff.ch\\\/it\\\/#organization\",\"name\":\"le riff\",\"url\":\"https:\\\/\\\/www.leriff.ch\\\/it\\\/\",\"logo\":{\"@type\":\"ImageObject\",\"inLanguage\":\"it-IT\",\"@id\":\"https:\\\/\\\/www.leriff.ch\\\/it\\\/#\\\/schema\\\/logo\\\/image\\\/\",\"url\":\"https:\\\/\\\/www.leriff.ch\\\/wp-content\\\/uploads\\\/2019\\\/10\\\/logo_carre.png\",\"contentUrl\":\"https:\\\/\\\/www.leriff.ch\\\/wp-content\\\/uploads\\\/2019\\\/10\\\/logo_carre.png\",\"width\":130,\"height\":130,\"caption\":\"le riff\"},\"image\":{\"@id\":\"https:\\\/\\\/www.leriff.ch\\\/it\\\/#\\\/schema\\\/logo\\\/image\\\/\"},\"sameAs\":[\"https:\\\/\\\/www.facebook.com\\\/Leriff.ch\"]}]}<\/script>\n<!-- \/ Yoast SEO Premium plugin. -->","yoast_head_json":{"title":"Hashish \u2013 Blue Berry - Le Riff","description":"Aroma e Sapore: Cannabis Blue Berry CBD Hash Pollen ha un distinto aroma e sapore di mirtillo, con sottili sentori di terra e pino.","robots":{"index":"index","follow":"follow","max-snippet":"max-snippet:-1","max-image-preview":"max-image-preview:large","max-video-preview":"max-video-preview:-1"},"canonical":"https:\/\/www.leriff.ch\/it\/prodotto\/haschisch-pollen-cannabis-blue-berry-cbd\/","og_locale":"it_IT","og_type":"article","og_title":"Hashish \u2013 Blue Berry","og_description":"Aroma e Sapore: Cannabis Blue Berry CBD Hash Pollen ha un distinto aroma e sapore di mirtillo, con sottili sentori di terra e pino.","og_url":"https:\/\/www.leriff.ch\/it\/prodotto\/haschisch-pollen-cannabis-blue-berry-cbd\/","og_site_name":"Le Riff","article_publisher":"https:\/\/www.facebook.com\/Leriff.ch","og_image":[{"width":1200,"height":1200,"url":"https:\/\/www.leriff.ch\/wp-content\/uploads\/2023\/04\/haschisch-Polen-de-Cannabis-Blue-Berry-cbd-leriff.jpg","type":"image\/jpeg"}],"twitter_card":"summary_large_image","twitter_misc":{"Tempo di lettura stimato":"2 minuti"},"schema":{"@context":"https:\/\/schema.org","@graph":[{"@type":"WebPage","@id":"https:\/\/www.leriff.ch\/it\/prodotto\/haschisch-pollen-cannabis-blue-berry-cbd\/","url":"https:\/\/www.leriff.ch\/it\/prodotto\/haschisch-pollen-cannabis-blue-berry-cbd\/","name":"Hashish \u2013 Blue Berry - Le Riff","isPartOf":{"@id":"https:\/\/www.leriff.ch\/it\/#website"},"primaryImageOfPage":{"@id":"https:\/\/www.leriff.ch\/it\/prodotto\/haschisch-pollen-cannabis-blue-berry-cbd\/#primaryimage"},"image":{"@id":"https:\/\/www.leriff.ch\/it\/prodotto\/haschisch-pollen-cannabis-blue-berry-cbd\/#primaryimage"},"thumbnailUrl":"https:\/\/www.leriff.ch\/wp-content\/uploads\/2023\/04\/haschisch-Polen-de-Cannabis-Blue-Berry-cbd-leriff.jpg","datePublished":"2023-04-10T20:13:47+00:00","description":"Aroma e Sapore: Cannabis Blue Berry CBD Hash Pollen ha un distinto aroma e sapore di mirtillo, con sottili sentori di terra e pino.","breadcrumb":{"@id":"https:\/\/www.leriff.ch\/it\/prodotto\/haschisch-pollen-cannabis-blue-berry-cbd\/#breadcrumb"},"inLanguage":"it-IT","potentialAction":[{"@type":"ReadAction","target":["https:\/\/www.leriff.ch\/it\/prodotto\/haschisch-pollen-cannabis-blue-berry-cbd\/"]}]},{"@type":"ImageObject","inLanguage":"it-IT","@id":"https:\/\/www.leriff.ch\/it\/prodotto\/haschisch-pollen-cannabis-blue-berry-cbd\/#primaryimage","url":"https:\/\/www.leriff.ch\/wp-content\/uploads\/2023\/04\/haschisch-Polen-de-Cannabis-Blue-Berry-cbd-leriff.jpg","contentUrl":"https:\/\/www.leriff.ch\/wp-content\/uploads\/2023\/04\/haschisch-Polen-de-Cannabis-Blue-Berry-cbd-leriff.jpg","width":1200,"height":1200,"caption":"Ar\u00f4me et saveur : Le haschisch Polen de Cannabis Blue Berry CBD a un ar\u00f4me et une saveur distincts de myrtille, avec des notes subtiles de terre et de pin."},{"@type":"BreadcrumbList","@id":"https:\/\/www.leriff.ch\/it\/prodotto\/haschisch-pollen-cannabis-blue-berry-cbd\/#breadcrumb","itemListElement":[{"@type":"ListItem","position":1,"name":"Accueil","item":"https:\/\/www.leriff.ch\/it\/"},{"@type":"ListItem","position":2,"name":"Negozio","item":"https:\/\/www.leriff.ch\/it\/negozio\/"},{"@type":"ListItem","position":3,"name":"Polline di Cannabis","item":"https:\/\/www.leriff.ch\/it\/categorie-produit\/polline-di-cannabis\/"},{"@type":"ListItem","position":4,"name":"Hashish \u2013 Blue Berry"}]},{"@type":"WebSite","@id":"https:\/\/www.leriff.ch\/it\/#website","url":"https:\/\/www.leriff.ch\/it\/","name":"Le Riff","description":"Fleurs de Cannabis CBD","publisher":{"@id":"https:\/\/www.leriff.ch\/it\/#organization"},"potentialAction":[{"@type":"SearchAction","target":{"@type":"EntryPoint","urlTemplate":"https:\/\/www.leriff.ch\/it\/?s={search_term_string}"},"query-input":{"@type":"PropertyValueSpecification","valueRequired":true,"valueName":"search_term_string"}}],"inLanguage":"it-IT"},{"@type":"Organization","@id":"https:\/\/www.leriff.ch\/it\/#organization","name":"le riff","url":"https:\/\/www.leriff.ch\/it\/","logo":{"@type":"ImageObject","inLanguage":"it-IT","@id":"https:\/\/www.leriff.ch\/it\/#\/schema\/logo\/image\/","url":"https:\/\/www.leriff.ch\/wp-content\/uploads\/2019\/10\/logo_carre.png","contentUrl":"https:\/\/www.leriff.ch\/wp-content\/uploads\/2019\/10\/logo_carre.png","width":130,"height":130,"caption":"le riff"},"image":{"@id":"https:\/\/www.leriff.ch\/it\/#\/schema\/logo\/image\/"},"sameAs":["https:\/\/www.facebook.com\/Leriff.ch"]}]}},"_links":{"self":[{"href":"https:\/\/www.leriff.ch\/it\/wp-json\/wp\/v2\/product\/43791","targetHints":{"allow":["GET"]}}],"collection":[{"href":"https:\/\/www.leriff.ch\/it\/wp-json\/wp\/v2\/product"}],"about":[{"href":"https:\/\/www.leriff.ch\/it\/wp-json\/wp\/v2\/types\/product"}],"replies":[{"embeddable":true,"href":"https:\/\/www.leriff.ch\/it\/wp-json\/wp\/v2\/comments?post=43791"}],"wp:featuredmedia":[{"embeddable":true,"href":"https:\/\/www.leriff.ch\/it\/wp-json\/wp\/v2\/media\/43777"}],"wp:attachment":[{"href":"https:\/\/www.leriff.ch\/it\/wp-json\/wp\/v2\/media?parent=43791"}],"wp:term":[{"taxonomy":"product_brand","embeddable":true,"href":"https:\/\/www.leriff.ch\/it\/wp-json\/wp\/v2\/product_brand?post=43791"},{"taxonomy":"product_cat","embeddable":true,"href":"https:\/\/www.leriff.ch\/it\/wp-json\/wp\/v2\/product_cat?post=43791"},{"taxonomy":"product_tag","embeddable":true,"href":"https:\/\/www.leriff.ch\/it\/wp-json\/wp\/v2\/product_tag?post=43791"}],"curies":[{"name":"wp","href":"https:\/\/api.w.org\/{rel}","templated":true}]}}