{"id":43803,"date":"2023-04-10T20:09:13","date_gmt":"2023-04-10T21:02:53","guid":{"rendered":"https:\/\/www.leriff.ch\/produit\/hashish-cherry-ketama\/"},"modified":"2023-04-10T23:02:53","modified_gmt":"2023-04-10T21:02:53","slug":"hashish-polonia-cannabis-cherry-ketama-cbd","status":"publish","type":"product","link":"https:\/\/www.leriff.ch\/it\/prodotto\/hashish-polonia-cannabis-cherry-ketama-cbd\/","title":{"rendered":"Hashish \u2013 Cherry Ketama"},"content":{"rendered":"<div class=\"text-xs flex items-center justify-center gap-1 invisible absolute left-0 top-2 -ml-4 -translate-x-full group-hover:visible !invisible\">Il polline di cannabis Cherry-Ketama \u00e8 un prodotto che proviene dalla variet\u00e0 di cannabis Ketama, coltivata nella regione di Ketama, nelle montagne del nord del Marocco. La variet\u00e0 Ketama \u00e8 nota per il suo alto contenuto di THC e il sapore dolce e fruttato.<\/div>\n<div class=\"flex flex-grow flex-col gap-3\">\n<div class=\"min-h-[20px] flex flex-col items-start gap-4 whitespace-pre-wrap\">\n<div class=\"markdown prose w-full break-words dark:prose-invert light\">\n<p>Il polline di cannabis viene prodotto raccogliendo i fiori della pianta di cannabis, che sono ricchi di polline, e poi setacciando i fiori per ottenere una polvere fine e polverosa. Il polline di cannabis Cherry-Ketama viene prodotto utilizzando questo metodo specifico per raccogliere e setacciare il polline della variet\u00e0 Ketama.<\/p>\n<div class=\"flex flex-grow flex-col gap-3\">\n<div class=\"min-h-[20px] flex flex-col items-start gap-4 whitespace-pre-wrap\">\n<div class=\"markdown prose w-full break-words dark:prose-invert light\">\n<p>Il polline di cannabis Cherry-Ketama \u00e8 una forma concentrata di tricomi, le piccole ghiandole di resina che ricoprono i fiori di cannabis. Ecco i passaggi per produrre il polline di cannabis Cherry-Ketama:<\/p>\n<ol>\n<li>Raccogli le cime di cannabis Cherry-Ketama mature e ben sviluppate.<\/li>\n<li>Metti le cime in un grande sacchetto di plastica o in un secchio e mettile nel congelatore per alcune ore. In questo modo sar\u00e0 pi\u00f9 facile separare i tricomi.<\/li>\n<li>Una volta che le cime sono congelate, usa un setaccio a maglie fini per setacciare le cime e raccogliere i tricomi. Puoi utilizzare diversi schermi a maglie per ottenere diversi gradi di polline di cannabis.<\/li>\n<li>Raccogli il polline di cannabis setacciato in un contenitore pulito.<\/li>\n<li>Se vuoi migliorare la qualit\u00e0 del polline di cannabis, puoi pressarlo con una pressa per polline per trasformarlo in una forma pi\u00f9 densa e compatta.<\/li>\n<\/ol>\n<\/div>\n<\/div>\n<\/div>\n<p>Il polline di cannabis Cherry-Ketama pu\u00f2 essere utilizzato in diversi modi, ad esempio aggiungendolo a cibi o bevande, usandolo nei vaporizzatori o fumandolo direttamente. Se consumato, pu\u00f2 produrre un effetto rilassante ed euforico grazie al suo alto contenuto di THC.<\/p>\n<p>Il polline di cannabis Cherry-Ketama \u00e8 prodotto dai fiori della variet\u00e0 Ketama, che sono ricchi di polline. La produzione di polline di cannabis di solito comporta l&#8217;uso di metodi di raccolta speciali per raccogliere il polline dai fiori.<\/p>\n<p>Una volta raccolto, il polline viene essiccato e setacciato attraverso setacci di diverse dimensioni fino ad ottenere una polvere fine ed omogenea. Il polline di cannabis Cherry-Ketama viene prodotto utilizzando questo metodo specifico per raccogliere e setacciare il polline della variet\u00e0 Ketama.<\/p>\n<p>&nbsp;<\/p>\n<\/div>\n<\/div>\n<\/div>\n","protected":false},"excerpt":{"rendered":"<p>Cherry-Ketama \u00e8 noto per avere un aroma e un gusto fruttato, dolce e leggermente speziato, con sentori di ciliegia e frutti di bosco. Alcuni possono anche descrivere un accenno di terra o legno nel suo profilo aromatico.<\/p>\n","protected":false},"featured_media":43753,"comment_status":"closed","ping_status":"closed","template":"","meta":{"inline_featured_image":false},"product_brand":[],"product_cat":[3875,3231],"product_tag":[],"class_list":{"0":"post-43803","1":"product","2":"type-product","3":"status-publish","4":"has-post-thumbnail","6":"product_cat-hashish-it","7":"product_cat-polline-di-cannabis","9":"first","10":"instock","11":"featured","12":"shipping-taxable","13":"purchasable","14":"product-type-variable","15":"has-default-attributes"},"yoast_head":"<!-- This site is optimized with the Yoast SEO Premium plugin v25.9 (Yoast SEO v27.3) - https:\/\/yoast.com\/product\/yoast-seo-premium-wordpress\/ -->\n<title>Hashish \u2013 Cherry Ketama - Le Riff<\/title>\n<meta name=\"description\" content=\"Cherry-Ketama \u00e8 noto per avere un aroma e un gusto fruttato, dolce e leggermente speziato, con sentori di ciliegia e frutti di bosco. Alcuni possono anche descrivere un accenno di terra o legno nel suo profilo aromatico.\" \/>\n<meta name=\"robots\" content=\"index, follow, max-snippet:-1, max-image-preview:large, max-video-preview:-1\" \/>\n<link rel=\"canonical\" href=\"https:\/\/www.leriff.ch\/it\/prodotto\/hashish-polonia-cannabis-cherry-ketama-cbd\/\" \/>\n<meta property=\"og:locale\" content=\"it_IT\" \/>\n<meta property=\"og:type\" content=\"article\" \/>\n<meta property=\"og:title\" content=\"Hashish \u2013 Cherry Ketama\" \/>\n<meta property=\"og:description\" content=\"Cherry-Ketama \u00e8 noto per avere un aroma e un gusto fruttato, dolce e leggermente speziato, con sentori di ciliegia e frutti di bosco. Alcuni possono anche descrivere un accenno di terra o legno nel suo profilo aromatico.\" \/>\n<meta property=\"og:url\" content=\"https:\/\/www.leriff.ch\/it\/prodotto\/hashish-polonia-cannabis-cherry-ketama-cbd\/\" \/>\n<meta property=\"og:site_name\" content=\"Le Riff\" \/>\n<meta property=\"article:publisher\" content=\"https:\/\/www.facebook.com\/Leriff.ch\" \/>\n<meta property=\"og:image\" content=\"https:\/\/www.leriff.ch\/wp-content\/uploads\/2023\/04\/pollen-cherry-cbd-ketama-leriff.jpg\" \/>\n\t<meta property=\"og:image:width\" content=\"1200\" \/>\n\t<meta property=\"og:image:height\" content=\"1200\" \/>\n\t<meta property=\"og:image:type\" content=\"image\/jpeg\" \/>\n<meta name=\"twitter:card\" content=\"summary_large_image\" \/>\n<meta name=\"twitter:label1\" content=\"Tempo di lettura stimato\" \/>\n\t<meta name=\"twitter:data1\" content=\"2 minuti\" \/>\n<script type=\"application\/ld+json\" class=\"yoast-schema-graph\">{\"@context\":\"https:\\\/\\\/schema.org\",\"@graph\":[{\"@type\":\"WebPage\",\"@id\":\"https:\\\/\\\/www.leriff.ch\\\/it\\\/prodotto\\\/hashish-polonia-cannabis-cherry-ketama-cbd\\\/\",\"url\":\"https:\\\/\\\/www.leriff.ch\\\/it\\\/prodotto\\\/hashish-polonia-cannabis-cherry-ketama-cbd\\\/\",\"name\":\"Hashish \u2013 Cherry Ketama - Le Riff\",\"isPartOf\":{\"@id\":\"https:\\\/\\\/www.leriff.ch\\\/it\\\/#website\"},\"primaryImageOfPage\":{\"@id\":\"https:\\\/\\\/www.leriff.ch\\\/it\\\/prodotto\\\/hashish-polonia-cannabis-cherry-ketama-cbd\\\/#primaryimage\"},\"image\":{\"@id\":\"https:\\\/\\\/www.leriff.ch\\\/it\\\/prodotto\\\/hashish-polonia-cannabis-cherry-ketama-cbd\\\/#primaryimage\"},\"thumbnailUrl\":\"https:\\\/\\\/www.leriff.ch\\\/wp-content\\\/uploads\\\/2023\\\/04\\\/pollen-cherry-cbd-ketama-leriff.jpg\",\"datePublished\":\"2023-04-10T21:02:53+00:00\",\"description\":\"Cherry-Ketama \u00e8 noto per avere un aroma e un gusto fruttato, dolce e leggermente speziato, con sentori di ciliegia e frutti di bosco. Alcuni possono anche descrivere un accenno di terra o legno nel suo profilo aromatico.\",\"breadcrumb\":{\"@id\":\"https:\\\/\\\/www.leriff.ch\\\/it\\\/prodotto\\\/hashish-polonia-cannabis-cherry-ketama-cbd\\\/#breadcrumb\"},\"inLanguage\":\"it-IT\",\"potentialAction\":[{\"@type\":\"ReadAction\",\"target\":[\"https:\\\/\\\/www.leriff.ch\\\/it\\\/prodotto\\\/hashish-polonia-cannabis-cherry-ketama-cbd\\\/\"]}]},{\"@type\":\"ImageObject\",\"inLanguage\":\"it-IT\",\"@id\":\"https:\\\/\\\/www.leriff.ch\\\/it\\\/prodotto\\\/hashish-polonia-cannabis-cherry-ketama-cbd\\\/#primaryimage\",\"url\":\"https:\\\/\\\/www.leriff.ch\\\/wp-content\\\/uploads\\\/2023\\\/04\\\/pollen-cherry-cbd-ketama-leriff.jpg\",\"contentUrl\":\"https:\\\/\\\/www.leriff.ch\\\/wp-content\\\/uploads\\\/2023\\\/04\\\/pollen-cherry-cbd-ketama-leriff.jpg\",\"width\":1200,\"height\":1200,\"caption\":\"Cherry-Ketama est connue pour avoir un ar\u00f4me et un go\u00fbt fruit\u00e9, sucr\u00e9 et l\u00e9g\u00e8rement \u00e9pic\u00e9, avec des notes de cerise et de baies. Certains peuvent \u00e9galement d\u00e9crire une touche de terre ou de bois dans son profil de saveur.\"},{\"@type\":\"BreadcrumbList\",\"@id\":\"https:\\\/\\\/www.leriff.ch\\\/it\\\/prodotto\\\/hashish-polonia-cannabis-cherry-ketama-cbd\\\/#breadcrumb\",\"itemListElement\":[{\"@type\":\"ListItem\",\"position\":1,\"name\":\"Accueil\",\"item\":\"https:\\\/\\\/www.leriff.ch\\\/it\\\/\"},{\"@type\":\"ListItem\",\"position\":2,\"name\":\"Negozio\",\"item\":\"https:\\\/\\\/www.leriff.ch\\\/it\\\/negozio\\\/\"},{\"@type\":\"ListItem\",\"position\":3,\"name\":\"Hashish\",\"item\":\"https:\\\/\\\/www.leriff.ch\\\/it\\\/categorie-produit\\\/hashish-it\\\/\"},{\"@type\":\"ListItem\",\"position\":4,\"name\":\"Hashish \u2013 Cherry Ketama\"}]},{\"@type\":\"WebSite\",\"@id\":\"https:\\\/\\\/www.leriff.ch\\\/it\\\/#website\",\"url\":\"https:\\\/\\\/www.leriff.ch\\\/it\\\/\",\"name\":\"Le Riff\",\"description\":\"Fleurs de Cannabis CBD\",\"publisher\":{\"@id\":\"https:\\\/\\\/www.leriff.ch\\\/it\\\/#organization\"},\"potentialAction\":[{\"@type\":\"SearchAction\",\"target\":{\"@type\":\"EntryPoint\",\"urlTemplate\":\"https:\\\/\\\/www.leriff.ch\\\/it\\\/?s={search_term_string}\"},\"query-input\":{\"@type\":\"PropertyValueSpecification\",\"valueRequired\":true,\"valueName\":\"search_term_string\"}}],\"inLanguage\":\"it-IT\"},{\"@type\":\"Organization\",\"@id\":\"https:\\\/\\\/www.leriff.ch\\\/it\\\/#organization\",\"name\":\"le riff\",\"url\":\"https:\\\/\\\/www.leriff.ch\\\/it\\\/\",\"logo\":{\"@type\":\"ImageObject\",\"inLanguage\":\"it-IT\",\"@id\":\"https:\\\/\\\/www.leriff.ch\\\/it\\\/#\\\/schema\\\/logo\\\/image\\\/\",\"url\":\"https:\\\/\\\/www.leriff.ch\\\/wp-content\\\/uploads\\\/2019\\\/10\\\/logo_carre.png\",\"contentUrl\":\"https:\\\/\\\/www.leriff.ch\\\/wp-content\\\/uploads\\\/2019\\\/10\\\/logo_carre.png\",\"width\":130,\"height\":130,\"caption\":\"le riff\"},\"image\":{\"@id\":\"https:\\\/\\\/www.leriff.ch\\\/it\\\/#\\\/schema\\\/logo\\\/image\\\/\"},\"sameAs\":[\"https:\\\/\\\/www.facebook.com\\\/Leriff.ch\"]}]}<\/script>\n<!-- \/ Yoast SEO Premium plugin. -->","yoast_head_json":{"title":"Hashish \u2013 Cherry Ketama - Le Riff","description":"Cherry-Ketama \u00e8 noto per avere un aroma e un gusto fruttato, dolce e leggermente speziato, con sentori di ciliegia e frutti di bosco. Alcuni possono anche descrivere un accenno di terra o legno nel suo profilo aromatico.","robots":{"index":"index","follow":"follow","max-snippet":"max-snippet:-1","max-image-preview":"max-image-preview:large","max-video-preview":"max-video-preview:-1"},"canonical":"https:\/\/www.leriff.ch\/it\/prodotto\/hashish-polonia-cannabis-cherry-ketama-cbd\/","og_locale":"it_IT","og_type":"article","og_title":"Hashish \u2013 Cherry Ketama","og_description":"Cherry-Ketama \u00e8 noto per avere un aroma e un gusto fruttato, dolce e leggermente speziato, con sentori di ciliegia e frutti di bosco. Alcuni possono anche descrivere un accenno di terra o legno nel suo profilo aromatico.","og_url":"https:\/\/www.leriff.ch\/it\/prodotto\/hashish-polonia-cannabis-cherry-ketama-cbd\/","og_site_name":"Le Riff","article_publisher":"https:\/\/www.facebook.com\/Leriff.ch","og_image":[{"width":1200,"height":1200,"url":"https:\/\/www.leriff.ch\/wp-content\/uploads\/2023\/04\/pollen-cherry-cbd-ketama-leriff.jpg","type":"image\/jpeg"}],"twitter_card":"summary_large_image","twitter_misc":{"Tempo di lettura stimato":"2 minuti"},"schema":{"@context":"https:\/\/schema.org","@graph":[{"@type":"WebPage","@id":"https:\/\/www.leriff.ch\/it\/prodotto\/hashish-polonia-cannabis-cherry-ketama-cbd\/","url":"https:\/\/www.leriff.ch\/it\/prodotto\/hashish-polonia-cannabis-cherry-ketama-cbd\/","name":"Hashish \u2013 Cherry Ketama - Le Riff","isPartOf":{"@id":"https:\/\/www.leriff.ch\/it\/#website"},"primaryImageOfPage":{"@id":"https:\/\/www.leriff.ch\/it\/prodotto\/hashish-polonia-cannabis-cherry-ketama-cbd\/#primaryimage"},"image":{"@id":"https:\/\/www.leriff.ch\/it\/prodotto\/hashish-polonia-cannabis-cherry-ketama-cbd\/#primaryimage"},"thumbnailUrl":"https:\/\/www.leriff.ch\/wp-content\/uploads\/2023\/04\/pollen-cherry-cbd-ketama-leriff.jpg","datePublished":"2023-04-10T21:02:53+00:00","description":"Cherry-Ketama \u00e8 noto per avere un aroma e un gusto fruttato, dolce e leggermente speziato, con sentori di ciliegia e frutti di bosco. Alcuni possono anche descrivere un accenno di terra o legno nel suo profilo aromatico.","breadcrumb":{"@id":"https:\/\/www.leriff.ch\/it\/prodotto\/hashish-polonia-cannabis-cherry-ketama-cbd\/#breadcrumb"},"inLanguage":"it-IT","potentialAction":[{"@type":"ReadAction","target":["https:\/\/www.leriff.ch\/it\/prodotto\/hashish-polonia-cannabis-cherry-ketama-cbd\/"]}]},{"@type":"ImageObject","inLanguage":"it-IT","@id":"https:\/\/www.leriff.ch\/it\/prodotto\/hashish-polonia-cannabis-cherry-ketama-cbd\/#primaryimage","url":"https:\/\/www.leriff.ch\/wp-content\/uploads\/2023\/04\/pollen-cherry-cbd-ketama-leriff.jpg","contentUrl":"https:\/\/www.leriff.ch\/wp-content\/uploads\/2023\/04\/pollen-cherry-cbd-ketama-leriff.jpg","width":1200,"height":1200,"caption":"Cherry-Ketama est connue pour avoir un ar\u00f4me et un go\u00fbt fruit\u00e9, sucr\u00e9 et l\u00e9g\u00e8rement \u00e9pic\u00e9, avec des notes de cerise et de baies. Certains peuvent \u00e9galement d\u00e9crire une touche de terre ou de bois dans son profil de saveur."},{"@type":"BreadcrumbList","@id":"https:\/\/www.leriff.ch\/it\/prodotto\/hashish-polonia-cannabis-cherry-ketama-cbd\/#breadcrumb","itemListElement":[{"@type":"ListItem","position":1,"name":"Accueil","item":"https:\/\/www.leriff.ch\/it\/"},{"@type":"ListItem","position":2,"name":"Negozio","item":"https:\/\/www.leriff.ch\/it\/negozio\/"},{"@type":"ListItem","position":3,"name":"Hashish","item":"https:\/\/www.leriff.ch\/it\/categorie-produit\/hashish-it\/"},{"@type":"ListItem","position":4,"name":"Hashish \u2013 Cherry Ketama"}]},{"@type":"WebSite","@id":"https:\/\/www.leriff.ch\/it\/#website","url":"https:\/\/www.leriff.ch\/it\/","name":"Le Riff","description":"Fleurs de Cannabis CBD","publisher":{"@id":"https:\/\/www.leriff.ch\/it\/#organization"},"potentialAction":[{"@type":"SearchAction","target":{"@type":"EntryPoint","urlTemplate":"https:\/\/www.leriff.ch\/it\/?s={search_term_string}"},"query-input":{"@type":"PropertyValueSpecification","valueRequired":true,"valueName":"search_term_string"}}],"inLanguage":"it-IT"},{"@type":"Organization","@id":"https:\/\/www.leriff.ch\/it\/#organization","name":"le riff","url":"https:\/\/www.leriff.ch\/it\/","logo":{"@type":"ImageObject","inLanguage":"it-IT","@id":"https:\/\/www.leriff.ch\/it\/#\/schema\/logo\/image\/","url":"https:\/\/www.leriff.ch\/wp-content\/uploads\/2019\/10\/logo_carre.png","contentUrl":"https:\/\/www.leriff.ch\/wp-content\/uploads\/2019\/10\/logo_carre.png","width":130,"height":130,"caption":"le riff"},"image":{"@id":"https:\/\/www.leriff.ch\/it\/#\/schema\/logo\/image\/"},"sameAs":["https:\/\/www.facebook.com\/Leriff.ch"]}]}},"_links":{"self":[{"href":"https:\/\/www.leriff.ch\/it\/wp-json\/wp\/v2\/product\/43803","targetHints":{"allow":["GET"]}}],"collection":[{"href":"https:\/\/www.leriff.ch\/it\/wp-json\/wp\/v2\/product"}],"about":[{"href":"https:\/\/www.leriff.ch\/it\/wp-json\/wp\/v2\/types\/product"}],"replies":[{"embeddable":true,"href":"https:\/\/www.leriff.ch\/it\/wp-json\/wp\/v2\/comments?post=43803"}],"wp:featuredmedia":[{"embeddable":true,"href":"https:\/\/www.leriff.ch\/it\/wp-json\/wp\/v2\/media\/43753"}],"wp:attachment":[{"href":"https:\/\/www.leriff.ch\/it\/wp-json\/wp\/v2\/media?parent=43803"}],"wp:term":[{"taxonomy":"product_brand","embeddable":true,"href":"https:\/\/www.leriff.ch\/it\/wp-json\/wp\/v2\/product_brand?post=43803"},{"taxonomy":"product_cat","embeddable":true,"href":"https:\/\/www.leriff.ch\/it\/wp-json\/wp\/v2\/product_cat?post=43803"},{"taxonomy":"product_tag","embeddable":true,"href":"https:\/\/www.leriff.ch\/it\/wp-json\/wp\/v2\/product_tag?post=43803"}],"curies":[{"name":"wp","href":"https:\/\/api.w.org\/{rel}","templated":true}]}}