{"id":43816,"date":"2023-04-10T20:34:44","date_gmt":"2023-04-10T22:20:33","guid":{"rendered":"https:\/\/www.leriff.ch\/produit\/hashish-tutti-frutti\/"},"modified":"2023-04-11T00:20:33","modified_gmt":"2023-04-10T22:20:33","slug":"hashish-pollen-cannabis-tutti-frutti-cbd","status":"publish","type":"product","link":"https:\/\/www.leriff.ch\/it\/prodotto\/hashish-pollen-cannabis-tutti-frutti-cbd\/","title":{"rendered":"Hashish \u2013 Tutti Frutti"},"content":{"rendered":"<p>Cannabis Tutti Frutti CBD Pollen Hashish \u00e8 una forma concentrata di tricomi, le piccole ghiandole di resina che ricoprono i fiori di cannabis, con un alto contenuto di cannabidiolo (CBD). Ecco i passaggi per produrre Tutti Frutti CBD Cannabis Pollen Hash:<\/p>\n<ol>\n<li>Raccogli boccioli di cannabis Tutti Frutti CBD maturi e ben sviluppati.<\/li>\n<li>Metti le cime in un grande sacchetto di plastica o in un secchio e mettile nel congelatore per alcune ore. In questo modo sar\u00e0 pi\u00f9 facile separare i tricomi.<\/li>\n<li>Una volta che le cime sono congelate, usa un setaccio a maglie fini per setacciare le cime e raccogliere i tricomi. Puoi utilizzare diversi setacci con maglie diverse per ottenere diversi gradi di Pollen hashish da Cannabis Tutti Frutti CBD.<\/li>\n<li>Raccogli l&#8217;hashish di polline di cannabis Tutti Frutti CBD setacciato in un contenitore pulito.<\/li>\n<li>Se vuoi migliorare la qualit\u00e0 dell&#8217;hashish Pollen di Cannabis Tutti Frutti CBD, puoi pressarlo con una pressa per polline per trasformarlo in una forma pi\u00f9 densa e compatta.<\/li>\n<\/ol>\n<p>Cannabis Tutti Frutti CBD Hash Pollen \u00e8 una forma altamente concentrata di tricomi contenente cannabidiolo, che viene spesso utilizzato per produrre estrazioni di cannabis, come oli e concentrati.<\/p>\n","protected":false},"excerpt":{"rendered":"<p>Aroma e sapore: Tutti Frutti CBD Cannabis Pollen Hash ha un intenso aroma e sapore di frutti tropicali e bacche, con sottili note di pino e spezie.<\/p>\n","protected":false},"featured_media":43762,"comment_status":"closed","ping_status":"closed","template":"","meta":{"inline_featured_image":false},"product_brand":[],"product_cat":[3875,3231],"product_tag":[],"class_list":{"0":"post-43816","1":"product","2":"type-product","3":"status-publish","4":"has-post-thumbnail","6":"product_cat-hashish-it","7":"product_cat-polline-di-cannabis","9":"first","10":"instock","11":"featured","12":"shipping-taxable","13":"purchasable","14":"product-type-variable","15":"has-default-attributes"},"yoast_head":"<!-- This site is optimized with the Yoast SEO Premium plugin v25.9 (Yoast SEO v27.4) - https:\/\/yoast.com\/product\/yoast-seo-premium-wordpress\/ -->\n<title>Hashish \u2013 Tutti Frutti - Le Riff<\/title>\n<meta name=\"description\" content=\"Aroma e sapore: Tutti Frutti CBD Cannabis Pollen Hash ha un intenso aroma e sapore di frutti tropicali e bacche, con sottili note di pino e spezie.\" \/>\n<meta name=\"robots\" content=\"index, follow, max-snippet:-1, max-image-preview:large, max-video-preview:-1\" \/>\n<link rel=\"canonical\" href=\"https:\/\/www.leriff.ch\/it\/prodotto\/hashish-pollen-cannabis-tutti-frutti-cbd\/\" \/>\n<meta property=\"og:locale\" content=\"it_IT\" \/>\n<meta property=\"og:type\" content=\"article\" \/>\n<meta property=\"og:title\" content=\"Hashish \u2013 Tutti Frutti\" \/>\n<meta property=\"og:description\" content=\"Aroma e sapore: Tutti Frutti CBD Cannabis Pollen Hash ha un intenso aroma e sapore di frutti tropicali e bacche, con sottili note di pino e spezie.\" \/>\n<meta property=\"og:url\" content=\"https:\/\/www.leriff.ch\/it\/prodotto\/hashish-pollen-cannabis-tutti-frutti-cbd\/\" \/>\n<meta property=\"og:site_name\" content=\"Le Riff\" \/>\n<meta property=\"article:publisher\" content=\"https:\/\/www.facebook.com\/Leriff.ch\" \/>\n<meta property=\"og:image\" content=\"https:\/\/www.leriff.ch\/wp-content\/uploads\/2023\/04\/haschisch-Polen-de-Cannabis-tutti-frutti-cbd-leriff.jpg\" \/>\n\t<meta property=\"og:image:width\" content=\"1200\" \/>\n\t<meta property=\"og:image:height\" content=\"1200\" \/>\n\t<meta property=\"og:image:type\" content=\"image\/jpeg\" \/>\n<meta name=\"twitter:card\" content=\"summary_large_image\" \/>\n<meta name=\"twitter:label1\" content=\"Tempo di lettura stimato\" \/>\n\t<meta name=\"twitter:data1\" content=\"1 minuto\" \/>\n<script type=\"application\/ld+json\" class=\"yoast-schema-graph\">{\"@context\":\"https:\\\/\\\/schema.org\",\"@graph\":[{\"@type\":\"WebPage\",\"@id\":\"https:\\\/\\\/www.leriff.ch\\\/it\\\/prodotto\\\/hashish-pollen-cannabis-tutti-frutti-cbd\\\/\",\"url\":\"https:\\\/\\\/www.leriff.ch\\\/it\\\/prodotto\\\/hashish-pollen-cannabis-tutti-frutti-cbd\\\/\",\"name\":\"Hashish \u2013 Tutti Frutti - Le Riff\",\"isPartOf\":{\"@id\":\"https:\\\/\\\/www.leriff.ch\\\/it\\\/#website\"},\"primaryImageOfPage\":{\"@id\":\"https:\\\/\\\/www.leriff.ch\\\/it\\\/prodotto\\\/hashish-pollen-cannabis-tutti-frutti-cbd\\\/#primaryimage\"},\"image\":{\"@id\":\"https:\\\/\\\/www.leriff.ch\\\/it\\\/prodotto\\\/hashish-pollen-cannabis-tutti-frutti-cbd\\\/#primaryimage\"},\"thumbnailUrl\":\"https:\\\/\\\/www.leriff.ch\\\/wp-content\\\/uploads\\\/2023\\\/04\\\/haschisch-Polen-de-Cannabis-tutti-frutti-cbd-leriff.jpg\",\"datePublished\":\"2023-04-10T22:20:33+00:00\",\"description\":\"Aroma e sapore: Tutti Frutti CBD Cannabis Pollen Hash ha un intenso aroma e sapore di frutti tropicali e bacche, con sottili note di pino e spezie.\",\"breadcrumb\":{\"@id\":\"https:\\\/\\\/www.leriff.ch\\\/it\\\/prodotto\\\/hashish-pollen-cannabis-tutti-frutti-cbd\\\/#breadcrumb\"},\"inLanguage\":\"it-IT\",\"potentialAction\":[{\"@type\":\"ReadAction\",\"target\":[\"https:\\\/\\\/www.leriff.ch\\\/it\\\/prodotto\\\/hashish-pollen-cannabis-tutti-frutti-cbd\\\/\"]}]},{\"@type\":\"ImageObject\",\"inLanguage\":\"it-IT\",\"@id\":\"https:\\\/\\\/www.leriff.ch\\\/it\\\/prodotto\\\/hashish-pollen-cannabis-tutti-frutti-cbd\\\/#primaryimage\",\"url\":\"https:\\\/\\\/www.leriff.ch\\\/wp-content\\\/uploads\\\/2023\\\/04\\\/haschisch-Polen-de-Cannabis-tutti-frutti-cbd-leriff.jpg\",\"contentUrl\":\"https:\\\/\\\/www.leriff.ch\\\/wp-content\\\/uploads\\\/2023\\\/04\\\/haschisch-Polen-de-Cannabis-tutti-frutti-cbd-leriff.jpg\",\"width\":1200,\"height\":1200,\"caption\":\"Ar\u00f4me et saveur : Le haschisch Polen de Cannabis Tutti Frutti CBD a un ar\u00f4me et une saveur intenses de fruits tropicaux et de baies, avec des notes subtiles de pin et d'\u00e9pices.\"},{\"@type\":\"BreadcrumbList\",\"@id\":\"https:\\\/\\\/www.leriff.ch\\\/it\\\/prodotto\\\/hashish-pollen-cannabis-tutti-frutti-cbd\\\/#breadcrumb\",\"itemListElement\":[{\"@type\":\"ListItem\",\"position\":1,\"name\":\"Accueil\",\"item\":\"https:\\\/\\\/www.leriff.ch\\\/it\\\/\"},{\"@type\":\"ListItem\",\"position\":2,\"name\":\"Negozio\",\"item\":\"https:\\\/\\\/www.leriff.ch\\\/it\\\/negozio\\\/\"},{\"@type\":\"ListItem\",\"position\":3,\"name\":\"Hashish\",\"item\":\"https:\\\/\\\/www.leriff.ch\\\/it\\\/categorie-produit\\\/hashish-it\\\/\"},{\"@type\":\"ListItem\",\"position\":4,\"name\":\"Hashish \u2013 Tutti Frutti\"}]},{\"@type\":\"WebSite\",\"@id\":\"https:\\\/\\\/www.leriff.ch\\\/it\\\/#website\",\"url\":\"https:\\\/\\\/www.leriff.ch\\\/it\\\/\",\"name\":\"Le Riff\",\"description\":\"Fleurs de Cannabis CBD\",\"publisher\":{\"@id\":\"https:\\\/\\\/www.leriff.ch\\\/it\\\/#organization\"},\"potentialAction\":[{\"@type\":\"SearchAction\",\"target\":{\"@type\":\"EntryPoint\",\"urlTemplate\":\"https:\\\/\\\/www.leriff.ch\\\/it\\\/?s={search_term_string}\"},\"query-input\":{\"@type\":\"PropertyValueSpecification\",\"valueRequired\":true,\"valueName\":\"search_term_string\"}}],\"inLanguage\":\"it-IT\"},{\"@type\":\"Organization\",\"@id\":\"https:\\\/\\\/www.leriff.ch\\\/it\\\/#organization\",\"name\":\"le riff\",\"url\":\"https:\\\/\\\/www.leriff.ch\\\/it\\\/\",\"logo\":{\"@type\":\"ImageObject\",\"inLanguage\":\"it-IT\",\"@id\":\"https:\\\/\\\/www.leriff.ch\\\/it\\\/#\\\/schema\\\/logo\\\/image\\\/\",\"url\":\"https:\\\/\\\/www.leriff.ch\\\/wp-content\\\/uploads\\\/2019\\\/10\\\/logo_carre.png\",\"contentUrl\":\"https:\\\/\\\/www.leriff.ch\\\/wp-content\\\/uploads\\\/2019\\\/10\\\/logo_carre.png\",\"width\":130,\"height\":130,\"caption\":\"le riff\"},\"image\":{\"@id\":\"https:\\\/\\\/www.leriff.ch\\\/it\\\/#\\\/schema\\\/logo\\\/image\\\/\"},\"sameAs\":[\"https:\\\/\\\/www.facebook.com\\\/Leriff.ch\"]}]}<\/script>\n<!-- \/ Yoast SEO Premium plugin. -->","yoast_head_json":{"title":"Hashish \u2013 Tutti Frutti - Le Riff","description":"Aroma e sapore: Tutti Frutti CBD Cannabis Pollen Hash ha un intenso aroma e sapore di frutti tropicali e bacche, con sottili note di pino e spezie.","robots":{"index":"index","follow":"follow","max-snippet":"max-snippet:-1","max-image-preview":"max-image-preview:large","max-video-preview":"max-video-preview:-1"},"canonical":"https:\/\/www.leriff.ch\/it\/prodotto\/hashish-pollen-cannabis-tutti-frutti-cbd\/","og_locale":"it_IT","og_type":"article","og_title":"Hashish \u2013 Tutti Frutti","og_description":"Aroma e sapore: Tutti Frutti CBD Cannabis Pollen Hash ha un intenso aroma e sapore di frutti tropicali e bacche, con sottili note di pino e spezie.","og_url":"https:\/\/www.leriff.ch\/it\/prodotto\/hashish-pollen-cannabis-tutti-frutti-cbd\/","og_site_name":"Le Riff","article_publisher":"https:\/\/www.facebook.com\/Leriff.ch","og_image":[{"width":1200,"height":1200,"url":"https:\/\/www.leriff.ch\/wp-content\/uploads\/2023\/04\/haschisch-Polen-de-Cannabis-tutti-frutti-cbd-leriff.jpg","type":"image\/jpeg"}],"twitter_card":"summary_large_image","twitter_misc":{"Tempo di lettura stimato":"1 minuto"},"schema":{"@context":"https:\/\/schema.org","@graph":[{"@type":"WebPage","@id":"https:\/\/www.leriff.ch\/it\/prodotto\/hashish-pollen-cannabis-tutti-frutti-cbd\/","url":"https:\/\/www.leriff.ch\/it\/prodotto\/hashish-pollen-cannabis-tutti-frutti-cbd\/","name":"Hashish \u2013 Tutti Frutti - Le Riff","isPartOf":{"@id":"https:\/\/www.leriff.ch\/it\/#website"},"primaryImageOfPage":{"@id":"https:\/\/www.leriff.ch\/it\/prodotto\/hashish-pollen-cannabis-tutti-frutti-cbd\/#primaryimage"},"image":{"@id":"https:\/\/www.leriff.ch\/it\/prodotto\/hashish-pollen-cannabis-tutti-frutti-cbd\/#primaryimage"},"thumbnailUrl":"https:\/\/www.leriff.ch\/wp-content\/uploads\/2023\/04\/haschisch-Polen-de-Cannabis-tutti-frutti-cbd-leriff.jpg","datePublished":"2023-04-10T22:20:33+00:00","description":"Aroma e sapore: Tutti Frutti CBD Cannabis Pollen Hash ha un intenso aroma e sapore di frutti tropicali e bacche, con sottili note di pino e spezie.","breadcrumb":{"@id":"https:\/\/www.leriff.ch\/it\/prodotto\/hashish-pollen-cannabis-tutti-frutti-cbd\/#breadcrumb"},"inLanguage":"it-IT","potentialAction":[{"@type":"ReadAction","target":["https:\/\/www.leriff.ch\/it\/prodotto\/hashish-pollen-cannabis-tutti-frutti-cbd\/"]}]},{"@type":"ImageObject","inLanguage":"it-IT","@id":"https:\/\/www.leriff.ch\/it\/prodotto\/hashish-pollen-cannabis-tutti-frutti-cbd\/#primaryimage","url":"https:\/\/www.leriff.ch\/wp-content\/uploads\/2023\/04\/haschisch-Polen-de-Cannabis-tutti-frutti-cbd-leriff.jpg","contentUrl":"https:\/\/www.leriff.ch\/wp-content\/uploads\/2023\/04\/haschisch-Polen-de-Cannabis-tutti-frutti-cbd-leriff.jpg","width":1200,"height":1200,"caption":"Ar\u00f4me et saveur : Le haschisch Polen de Cannabis Tutti Frutti CBD a un ar\u00f4me et une saveur intenses de fruits tropicaux et de baies, avec des notes subtiles de pin et d'\u00e9pices."},{"@type":"BreadcrumbList","@id":"https:\/\/www.leriff.ch\/it\/prodotto\/hashish-pollen-cannabis-tutti-frutti-cbd\/#breadcrumb","itemListElement":[{"@type":"ListItem","position":1,"name":"Accueil","item":"https:\/\/www.leriff.ch\/it\/"},{"@type":"ListItem","position":2,"name":"Negozio","item":"https:\/\/www.leriff.ch\/it\/negozio\/"},{"@type":"ListItem","position":3,"name":"Hashish","item":"https:\/\/www.leriff.ch\/it\/categorie-produit\/hashish-it\/"},{"@type":"ListItem","position":4,"name":"Hashish \u2013 Tutti Frutti"}]},{"@type":"WebSite","@id":"https:\/\/www.leriff.ch\/it\/#website","url":"https:\/\/www.leriff.ch\/it\/","name":"Le Riff","description":"Fleurs de Cannabis CBD","publisher":{"@id":"https:\/\/www.leriff.ch\/it\/#organization"},"potentialAction":[{"@type":"SearchAction","target":{"@type":"EntryPoint","urlTemplate":"https:\/\/www.leriff.ch\/it\/?s={search_term_string}"},"query-input":{"@type":"PropertyValueSpecification","valueRequired":true,"valueName":"search_term_string"}}],"inLanguage":"it-IT"},{"@type":"Organization","@id":"https:\/\/www.leriff.ch\/it\/#organization","name":"le riff","url":"https:\/\/www.leriff.ch\/it\/","logo":{"@type":"ImageObject","inLanguage":"it-IT","@id":"https:\/\/www.leriff.ch\/it\/#\/schema\/logo\/image\/","url":"https:\/\/www.leriff.ch\/wp-content\/uploads\/2019\/10\/logo_carre.png","contentUrl":"https:\/\/www.leriff.ch\/wp-content\/uploads\/2019\/10\/logo_carre.png","width":130,"height":130,"caption":"le riff"},"image":{"@id":"https:\/\/www.leriff.ch\/it\/#\/schema\/logo\/image\/"},"sameAs":["https:\/\/www.facebook.com\/Leriff.ch"]}]}},"_links":{"self":[{"href":"https:\/\/www.leriff.ch\/it\/wp-json\/wp\/v2\/product\/43816","targetHints":{"allow":["GET"]}}],"collection":[{"href":"https:\/\/www.leriff.ch\/it\/wp-json\/wp\/v2\/product"}],"about":[{"href":"https:\/\/www.leriff.ch\/it\/wp-json\/wp\/v2\/types\/product"}],"replies":[{"embeddable":true,"href":"https:\/\/www.leriff.ch\/it\/wp-json\/wp\/v2\/comments?post=43816"}],"wp:featuredmedia":[{"embeddable":true,"href":"https:\/\/www.leriff.ch\/it\/wp-json\/wp\/v2\/media\/43762"}],"wp:attachment":[{"href":"https:\/\/www.leriff.ch\/it\/wp-json\/wp\/v2\/media?parent=43816"}],"wp:term":[{"taxonomy":"product_brand","embeddable":true,"href":"https:\/\/www.leriff.ch\/it\/wp-json\/wp\/v2\/product_brand?post=43816"},{"taxonomy":"product_cat","embeddable":true,"href":"https:\/\/www.leriff.ch\/it\/wp-json\/wp\/v2\/product_cat?post=43816"},{"taxonomy":"product_tag","embeddable":true,"href":"https:\/\/www.leriff.ch\/it\/wp-json\/wp\/v2\/product_tag?post=43816"}],"curies":[{"name":"wp","href":"https:\/\/api.w.org\/{rel}","templated":true}]}}