{"id":43822,"date":"2023-04-10T21:19:36","date_gmt":"2023-04-10T22:47:43","guid":{"rendered":"https:\/\/www.leriff.ch\/produit\/hashish-green\/"},"modified":"2023-04-17T16:29:08","modified_gmt":"2023-04-17T14:29:08","slug":"polline-green-cbd-leriff-cannabis-hashish","status":"publish","type":"product","link":"https:\/\/www.leriff.ch\/it\/prodotto\/polline-green-cbd-leriff-cannabis-hashish\/","title":{"rendered":"Hashish &#8211; Green"},"content":{"rendered":"<p>C&#8217;\u00e8 un&#8217;ampia variet\u00e0 di gusti e aromi disponibili in Hashish Green Pollen CBD, a seconda della variet\u00e0 e della variet\u00e0 coltivata. Ecco alcuni esempi di gusti e aromi comuni:<\/p>\n<ul>\n<li>Terroso: note terrose e legnose, spesso associate a variet\u00e0 indica.<\/li>\n<li>Spezie: note speziate e pepate, spesso associate a variet\u00e0 sativa.<\/li>\n<li>Floreale: note floreali e fragranti, spesso associate a variet\u00e0 ibride.<\/li>\n<li>Agrumi: note di agrumi, come limone o arancia.<\/li>\n<li>Fruttato: note di frutta, come fragola, ciliegia o mango.<\/li>\n<li>Pino: note di pino e abete, spesso associate a ceppi ricchi di terpeni di pinene.<\/li>\n<li>Diesel: note diesel, spesso associate a variet\u00e0 ricche di terpeni di limonene.<\/li>\n<\/ul>\n<p>\u00c8 importante notare che i gusti e gli aromi possono variare notevolmente a seconda di come la pianta \u00e8 stata coltivata, raccolta ed essiccata. Inoltre, alcuni coltivatori aggiungono aromi artificiali per alterare il gusto e l&#8217;aroma della cannabis, quindi \u00e8 importante leggere le etichette e assicurarsi che il prodotto sia realizzato con ingredienti naturali.<\/p>\n<p>Tuttavia, in generale, il Cannabis Hashish Pollen \u00e8 un tipo di concentrato di cannabis prodotto separando i tricomi dalla pianta di cannabis e pressandoli in una forma compatta. I tricomi sono i piccoli cristalli lucenti che ricoprono le cime di cannabis e contengono i cannabinoidi e i terpeni che conferiscono alla cannabis i suoi aromi, sapori ed effetti unici.<\/p>\n<p>La cannabis pu\u00f2 avere una variet\u00e0 di gusti e aromi diversi, a seconda della variet\u00e0, di come viene coltivata e del metodo di lavorazione utilizzato. Alcuni dei gusti e degli aromi pi\u00f9 comuni associati alla cannabis verde sono:<\/p>\n<ul>\n<li>Erboso: questo gusto \u00e8 solitamente associato a erba verde fresca o verdure verdi.<\/li>\n<li>Terroso: questo gusto pu\u00f2 essere descritto come una miscela di terra e funghi, che spesso ricorda il sottobosco o i giardini.<\/li>\n<li>Floreale: alcuni tipi di cannabis hanno aromi floreali, come lavanda, rosa o gelsomino.<\/li>\n<li>Fruttato: le note fruttate possono essere presenti in alcune variet\u00e0 di cannabis, dagli agrumi ai frutti tropicali.<\/li>\n<li>Spezie: in alcune variet\u00e0 di cannabis possono essere presenti sfumature speziate di pepe, chiodi di garofano o cannella.<\/li>\n<li>Menta: alcuni tipi di cannabis hanno sapori di menta piperita o mentolo, che danno una sensazione rinfrescante in bocca.<\/li>\n<\/ul>\n<p>L&#8217;hashish di polline di cannabis pu\u00f2 avere una variet\u00e0 di aromi e sapori, che dipendono dalla variet\u00e0 di cannabis originale utilizzata per produrlo. I sapori popolari includono menta, limone, mango, pino e cioccolato, ma sono disponibili molte altre varianti di sapore e sapore.<\/p>\n","protected":false},"excerpt":{"rendered":"<p>Erboso: questo gusto \u00e8 solitamente associato a erba verde fresca o verdure verdi. Terroso: questo gusto pu\u00f2 essere descritto come una miscela di terra e funghi, che spesso ricorda il sottobosco o i giardini. Floreale: alcuni tipi di cannabis hanno aromi floreali, come la camomilla.<\/p>\n","protected":false},"featured_media":43784,"comment_status":"closed","ping_status":"closed","template":"","meta":{"inline_featured_image":false},"product_brand":[],"product_cat":[3875,3231],"product_tag":[],"class_list":{"0":"post-43822","1":"product","2":"type-product","3":"status-publish","4":"has-post-thumbnail","6":"product_cat-hashish-it","7":"product_cat-polline-di-cannabis","9":"first","10":"instock","11":"featured","12":"shipping-taxable","13":"purchasable","14":"product-type-variable","15":"has-default-attributes"},"yoast_head":"<!-- This site is optimized with the Yoast SEO Premium plugin v25.9 (Yoast SEO v27.3) - https:\/\/yoast.com\/product\/yoast-seo-premium-wordpress\/ -->\n<title>Hashish Green Pollen CBD - Le Riff<\/title>\n<meta name=\"description\" content=\"Hashish Green Pollen CBD the Herbaceous: questo gusto \u00e8 solitamente associato all&#039;erba verde fresca o alle verdure verdi. Alcuni tipi di hashish cbd hanno sapori floreali, come la camomilla.\" \/>\n<meta name=\"robots\" content=\"index, follow, max-snippet:-1, max-image-preview:large, max-video-preview:-1\" \/>\n<link rel=\"canonical\" href=\"https:\/\/www.leriff.ch\/it\/prodotto\/polline-green-cbd-leriff-cannabis-hashish\/\" \/>\n<meta property=\"og:locale\" content=\"it_IT\" \/>\n<meta property=\"og:type\" content=\"article\" \/>\n<meta property=\"og:title\" content=\"Hashish - Green\" \/>\n<meta property=\"og:description\" content=\"Hashish Green Pollen CBD the Herbaceous: questo gusto \u00e8 solitamente associato all&#039;erba verde fresca o alle verdure verdi. Alcuni tipi di hashish cbd hanno sapori floreali, come la camomilla.\" \/>\n<meta property=\"og:url\" content=\"https:\/\/www.leriff.ch\/it\/prodotto\/polline-green-cbd-leriff-cannabis-hashish\/\" \/>\n<meta property=\"og:site_name\" content=\"Le Riff\" \/>\n<meta property=\"article:publisher\" content=\"https:\/\/www.facebook.com\/Leriff.ch\" \/>\n<meta property=\"article:modified_time\" content=\"2023-04-17T14:29:08+00:00\" \/>\n<meta property=\"og:image\" content=\"https:\/\/www.leriff.ch\/wp-content\/uploads\/2023\/04\/haschisch-Polen-de-Cannabis-green-cbd-leriff.jpg\" \/>\n\t<meta property=\"og:image:width\" content=\"1200\" \/>\n\t<meta property=\"og:image:height\" content=\"1200\" \/>\n\t<meta property=\"og:image:type\" content=\"image\/jpeg\" \/>\n<meta name=\"twitter:card\" content=\"summary_large_image\" \/>\n<meta name=\"twitter:label1\" content=\"Tempo di lettura stimato\" \/>\n\t<meta name=\"twitter:data1\" content=\"2 minuti\" \/>\n<script type=\"application\/ld+json\" class=\"yoast-schema-graph\">{\"@context\":\"https:\\\/\\\/schema.org\",\"@graph\":[{\"@type\":\"WebPage\",\"@id\":\"https:\\\/\\\/www.leriff.ch\\\/it\\\/prodotto\\\/polline-green-cbd-leriff-cannabis-hashish\\\/\",\"url\":\"https:\\\/\\\/www.leriff.ch\\\/it\\\/prodotto\\\/polline-green-cbd-leriff-cannabis-hashish\\\/\",\"name\":\"Hashish Green Pollen CBD - Le Riff\",\"isPartOf\":{\"@id\":\"https:\\\/\\\/www.leriff.ch\\\/it\\\/#website\"},\"primaryImageOfPage\":{\"@id\":\"https:\\\/\\\/www.leriff.ch\\\/it\\\/prodotto\\\/polline-green-cbd-leriff-cannabis-hashish\\\/#primaryimage\"},\"image\":{\"@id\":\"https:\\\/\\\/www.leriff.ch\\\/it\\\/prodotto\\\/polline-green-cbd-leriff-cannabis-hashish\\\/#primaryimage\"},\"thumbnailUrl\":\"https:\\\/\\\/www.leriff.ch\\\/wp-content\\\/uploads\\\/2023\\\/04\\\/haschisch-Polen-de-Cannabis-green-cbd-leriff.jpg\",\"datePublished\":\"2023-04-10T22:47:43+00:00\",\"dateModified\":\"2023-04-17T14:29:08+00:00\",\"description\":\"Hashish Green Pollen CBD the Herbaceous: questo gusto \u00e8 solitamente associato all'erba verde fresca o alle verdure verdi. Alcuni tipi di hashish cbd hanno sapori floreali, come la camomilla.\",\"breadcrumb\":{\"@id\":\"https:\\\/\\\/www.leriff.ch\\\/it\\\/prodotto\\\/polline-green-cbd-leriff-cannabis-hashish\\\/#breadcrumb\"},\"inLanguage\":\"it-IT\",\"potentialAction\":[{\"@type\":\"ReadAction\",\"target\":[\"https:\\\/\\\/www.leriff.ch\\\/it\\\/prodotto\\\/polline-green-cbd-leriff-cannabis-hashish\\\/\"]}]},{\"@type\":\"ImageObject\",\"inLanguage\":\"it-IT\",\"@id\":\"https:\\\/\\\/www.leriff.ch\\\/it\\\/prodotto\\\/polline-green-cbd-leriff-cannabis-hashish\\\/#primaryimage\",\"url\":\"https:\\\/\\\/www.leriff.ch\\\/wp-content\\\/uploads\\\/2023\\\/04\\\/haschisch-Polen-de-Cannabis-green-cbd-leriff.jpg\",\"contentUrl\":\"https:\\\/\\\/www.leriff.ch\\\/wp-content\\\/uploads\\\/2023\\\/04\\\/haschisch-Polen-de-Cannabis-green-cbd-leriff.jpg\",\"width\":1200,\"height\":1200,\"caption\":\"Herbac\u00e9: ce go\u00fbt est g\u00e9n\u00e9ralement associ\u00e9 \u00e0 l'herbe verte fra\u00eeche ou aux l\u00e9gumes verts. Terreux: ce go\u00fbt peut \u00eatre d\u00e9crit comme un m\u00e9lange de terre et de champignons, rappelant souvent les sous-bois ou les jardins. Floral: certains types de cannabis ont des ar\u00f4mes floraux, tels que la camomille.\"},{\"@type\":\"BreadcrumbList\",\"@id\":\"https:\\\/\\\/www.leriff.ch\\\/it\\\/prodotto\\\/polline-green-cbd-leriff-cannabis-hashish\\\/#breadcrumb\",\"itemListElement\":[{\"@type\":\"ListItem\",\"position\":1,\"name\":\"Accueil\",\"item\":\"https:\\\/\\\/www.leriff.ch\\\/it\\\/\"},{\"@type\":\"ListItem\",\"position\":2,\"name\":\"Negozio\",\"item\":\"https:\\\/\\\/www.leriff.ch\\\/it\\\/negozio\\\/\"},{\"@type\":\"ListItem\",\"position\":3,\"name\":\"Polline di Cannabis\",\"item\":\"https:\\\/\\\/www.leriff.ch\\\/it\\\/categorie-produit\\\/polline-di-cannabis\\\/\"},{\"@type\":\"ListItem\",\"position\":4,\"name\":\"Hashish &#8211; Green\"}]},{\"@type\":\"WebSite\",\"@id\":\"https:\\\/\\\/www.leriff.ch\\\/it\\\/#website\",\"url\":\"https:\\\/\\\/www.leriff.ch\\\/it\\\/\",\"name\":\"Le Riff\",\"description\":\"Fleurs de Cannabis CBD\",\"publisher\":{\"@id\":\"https:\\\/\\\/www.leriff.ch\\\/it\\\/#organization\"},\"potentialAction\":[{\"@type\":\"SearchAction\",\"target\":{\"@type\":\"EntryPoint\",\"urlTemplate\":\"https:\\\/\\\/www.leriff.ch\\\/it\\\/?s={search_term_string}\"},\"query-input\":{\"@type\":\"PropertyValueSpecification\",\"valueRequired\":true,\"valueName\":\"search_term_string\"}}],\"inLanguage\":\"it-IT\"},{\"@type\":\"Organization\",\"@id\":\"https:\\\/\\\/www.leriff.ch\\\/it\\\/#organization\",\"name\":\"le riff\",\"url\":\"https:\\\/\\\/www.leriff.ch\\\/it\\\/\",\"logo\":{\"@type\":\"ImageObject\",\"inLanguage\":\"it-IT\",\"@id\":\"https:\\\/\\\/www.leriff.ch\\\/it\\\/#\\\/schema\\\/logo\\\/image\\\/\",\"url\":\"https:\\\/\\\/www.leriff.ch\\\/wp-content\\\/uploads\\\/2019\\\/10\\\/logo_carre.png\",\"contentUrl\":\"https:\\\/\\\/www.leriff.ch\\\/wp-content\\\/uploads\\\/2019\\\/10\\\/logo_carre.png\",\"width\":130,\"height\":130,\"caption\":\"le riff\"},\"image\":{\"@id\":\"https:\\\/\\\/www.leriff.ch\\\/it\\\/#\\\/schema\\\/logo\\\/image\\\/\"},\"sameAs\":[\"https:\\\/\\\/www.facebook.com\\\/Leriff.ch\"]}]}<\/script>\n<!-- \/ Yoast SEO Premium plugin. -->","yoast_head_json":{"title":"Hashish Green Pollen CBD - Le Riff","description":"Hashish Green Pollen CBD the Herbaceous: questo gusto \u00e8 solitamente associato all'erba verde fresca o alle verdure verdi. Alcuni tipi di hashish cbd hanno sapori floreali, come la camomilla.","robots":{"index":"index","follow":"follow","max-snippet":"max-snippet:-1","max-image-preview":"max-image-preview:large","max-video-preview":"max-video-preview:-1"},"canonical":"https:\/\/www.leriff.ch\/it\/prodotto\/polline-green-cbd-leriff-cannabis-hashish\/","og_locale":"it_IT","og_type":"article","og_title":"Hashish - Green","og_description":"Hashish Green Pollen CBD the Herbaceous: questo gusto \u00e8 solitamente associato all'erba verde fresca o alle verdure verdi. Alcuni tipi di hashish cbd hanno sapori floreali, come la camomilla.","og_url":"https:\/\/www.leriff.ch\/it\/prodotto\/polline-green-cbd-leriff-cannabis-hashish\/","og_site_name":"Le Riff","article_publisher":"https:\/\/www.facebook.com\/Leriff.ch","article_modified_time":"2023-04-17T14:29:08+00:00","og_image":[{"width":1200,"height":1200,"url":"https:\/\/www.leriff.ch\/wp-content\/uploads\/2023\/04\/haschisch-Polen-de-Cannabis-green-cbd-leriff.jpg","type":"image\/jpeg"}],"twitter_card":"summary_large_image","twitter_misc":{"Tempo di lettura stimato":"2 minuti"},"schema":{"@context":"https:\/\/schema.org","@graph":[{"@type":"WebPage","@id":"https:\/\/www.leriff.ch\/it\/prodotto\/polline-green-cbd-leriff-cannabis-hashish\/","url":"https:\/\/www.leriff.ch\/it\/prodotto\/polline-green-cbd-leriff-cannabis-hashish\/","name":"Hashish Green Pollen CBD - Le Riff","isPartOf":{"@id":"https:\/\/www.leriff.ch\/it\/#website"},"primaryImageOfPage":{"@id":"https:\/\/www.leriff.ch\/it\/prodotto\/polline-green-cbd-leriff-cannabis-hashish\/#primaryimage"},"image":{"@id":"https:\/\/www.leriff.ch\/it\/prodotto\/polline-green-cbd-leriff-cannabis-hashish\/#primaryimage"},"thumbnailUrl":"https:\/\/www.leriff.ch\/wp-content\/uploads\/2023\/04\/haschisch-Polen-de-Cannabis-green-cbd-leriff.jpg","datePublished":"2023-04-10T22:47:43+00:00","dateModified":"2023-04-17T14:29:08+00:00","description":"Hashish Green Pollen CBD the Herbaceous: questo gusto \u00e8 solitamente associato all'erba verde fresca o alle verdure verdi. Alcuni tipi di hashish cbd hanno sapori floreali, come la camomilla.","breadcrumb":{"@id":"https:\/\/www.leriff.ch\/it\/prodotto\/polline-green-cbd-leriff-cannabis-hashish\/#breadcrumb"},"inLanguage":"it-IT","potentialAction":[{"@type":"ReadAction","target":["https:\/\/www.leriff.ch\/it\/prodotto\/polline-green-cbd-leriff-cannabis-hashish\/"]}]},{"@type":"ImageObject","inLanguage":"it-IT","@id":"https:\/\/www.leriff.ch\/it\/prodotto\/polline-green-cbd-leriff-cannabis-hashish\/#primaryimage","url":"https:\/\/www.leriff.ch\/wp-content\/uploads\/2023\/04\/haschisch-Polen-de-Cannabis-green-cbd-leriff.jpg","contentUrl":"https:\/\/www.leriff.ch\/wp-content\/uploads\/2023\/04\/haschisch-Polen-de-Cannabis-green-cbd-leriff.jpg","width":1200,"height":1200,"caption":"Herbac\u00e9: ce go\u00fbt est g\u00e9n\u00e9ralement associ\u00e9 \u00e0 l'herbe verte fra\u00eeche ou aux l\u00e9gumes verts. Terreux: ce go\u00fbt peut \u00eatre d\u00e9crit comme un m\u00e9lange de terre et de champignons, rappelant souvent les sous-bois ou les jardins. Floral: certains types de cannabis ont des ar\u00f4mes floraux, tels que la camomille."},{"@type":"BreadcrumbList","@id":"https:\/\/www.leriff.ch\/it\/prodotto\/polline-green-cbd-leriff-cannabis-hashish\/#breadcrumb","itemListElement":[{"@type":"ListItem","position":1,"name":"Accueil","item":"https:\/\/www.leriff.ch\/it\/"},{"@type":"ListItem","position":2,"name":"Negozio","item":"https:\/\/www.leriff.ch\/it\/negozio\/"},{"@type":"ListItem","position":3,"name":"Polline di Cannabis","item":"https:\/\/www.leriff.ch\/it\/categorie-produit\/polline-di-cannabis\/"},{"@type":"ListItem","position":4,"name":"Hashish &#8211; Green"}]},{"@type":"WebSite","@id":"https:\/\/www.leriff.ch\/it\/#website","url":"https:\/\/www.leriff.ch\/it\/","name":"Le Riff","description":"Fleurs de Cannabis CBD","publisher":{"@id":"https:\/\/www.leriff.ch\/it\/#organization"},"potentialAction":[{"@type":"SearchAction","target":{"@type":"EntryPoint","urlTemplate":"https:\/\/www.leriff.ch\/it\/?s={search_term_string}"},"query-input":{"@type":"PropertyValueSpecification","valueRequired":true,"valueName":"search_term_string"}}],"inLanguage":"it-IT"},{"@type":"Organization","@id":"https:\/\/www.leriff.ch\/it\/#organization","name":"le riff","url":"https:\/\/www.leriff.ch\/it\/","logo":{"@type":"ImageObject","inLanguage":"it-IT","@id":"https:\/\/www.leriff.ch\/it\/#\/schema\/logo\/image\/","url":"https:\/\/www.leriff.ch\/wp-content\/uploads\/2019\/10\/logo_carre.png","contentUrl":"https:\/\/www.leriff.ch\/wp-content\/uploads\/2019\/10\/logo_carre.png","width":130,"height":130,"caption":"le riff"},"image":{"@id":"https:\/\/www.leriff.ch\/it\/#\/schema\/logo\/image\/"},"sameAs":["https:\/\/www.facebook.com\/Leriff.ch"]}]}},"_links":{"self":[{"href":"https:\/\/www.leriff.ch\/it\/wp-json\/wp\/v2\/product\/43822","targetHints":{"allow":["GET"]}}],"collection":[{"href":"https:\/\/www.leriff.ch\/it\/wp-json\/wp\/v2\/product"}],"about":[{"href":"https:\/\/www.leriff.ch\/it\/wp-json\/wp\/v2\/types\/product"}],"replies":[{"embeddable":true,"href":"https:\/\/www.leriff.ch\/it\/wp-json\/wp\/v2\/comments?post=43822"}],"wp:featuredmedia":[{"embeddable":true,"href":"https:\/\/www.leriff.ch\/it\/wp-json\/wp\/v2\/media\/43784"}],"wp:attachment":[{"href":"https:\/\/www.leriff.ch\/it\/wp-json\/wp\/v2\/media?parent=43822"}],"wp:term":[{"taxonomy":"product_brand","embeddable":true,"href":"https:\/\/www.leriff.ch\/it\/wp-json\/wp\/v2\/product_brand?post=43822"},{"taxonomy":"product_cat","embeddable":true,"href":"https:\/\/www.leriff.ch\/it\/wp-json\/wp\/v2\/product_cat?post=43822"},{"taxonomy":"product_tag","embeddable":true,"href":"https:\/\/www.leriff.ch\/it\/wp-json\/wp\/v2\/product_tag?post=43822"}],"curies":[{"name":"wp","href":"https:\/\/api.w.org\/{rel}","templated":true}]}}